{"id":1407,"date":"2022-11-01T16:39:43","date_gmt":"2022-11-01T14:39:43","guid":{"rendered":"https:\/\/www.sweetmilkmemories.de\/?page_id=1407"},"modified":"2024-08-12T12:32:15","modified_gmt":"2024-08-12T10:32:15","slug":"sale","status":"publish","type":"page","link":"https:\/\/www.sweetmilkmemories.de\/index.php\/sale\/","title":{"rendered":"Sale"},"content":{"rendered":"<h3 dir=\"auto\" style=\"text-align: center;\"><span style=\"color: #008080;\">Hier habt ihr die Gelegenheit noch die letzten St\u00fccke der Kollektionen zu bestellen, die aus dem Programm genommen werden.<\/span><\/h3>\n<h3 style=\"text-align: center;\"><span style=\"color: #008080;\">Schnell sein lohnt sich also, denn die SALE ARTIKEL sind nur noch in kleinen St\u00fcckzahlen vorhanden.<\/span><\/h3>\n<hr \/>\n<h4><span style=\"color: #008080;\">\u2013 Ringe 8mm Pure Collection, 925 Sterling Silber \u2013<\/span><\/h4>\n<p>(bei diesen Ringen wird die Schmuckwanne komplett mit eurer Milch bef\u00fcllt)<\/p>\n<p><span class=\"image-block caption-over-image\"><img loading=\"lazy\" decoding=\"async\" class=\"wp-image-1135 alignnone\" src=\"https:\/\/www.sweetmilkmemories.de\/wp-content\/uploads\/2020\/02\/IMG_9271.jpg\" sizes=\"auto, (max-width: 274px) 100vw, 274px\" srcset=\"https:\/\/www.sweetmilkmemories.de\/wp-content\/uploads\/2020\/02\/IMG_9271.jpg 640w, https:\/\/www.sweetmilkmemories.de\/wp-content\/uploads\/2020\/02\/IMG_9271-300x225.jpg 300w\" alt=\"\" width=\"274\" height=\"205\" \/><\/span><\/p>\n<p><strong>Art.Nr.: 28.01<\/strong> Ring aus 925 Sterling Silber, 8mm Pure Collection, <strong><del>85\u20ac<\/del> jetzt 55\u20ac<\/strong><\/p>\n<p><strong>(Verf\u00fcgbar in Gr\u00f6\u00dfe: \u00a016mm, 17mm, 18mm, 19mm)<\/strong><\/p>\n<p>&nbsp;<\/p>\n<p><del><strong>Art.Nr.: 28.02<\/strong> Ring aus 925 Sterling Silber <span style=\"color: #008080;\">rosevergoldet<\/span> , 8mm Pure Collection, <strong>85\u20ac jetzt 55\u20ac<\/strong><\/del><\/p>\n<p><strong>(ausverkauft)<\/strong><\/p>\n<p>&nbsp;<\/p>\n<p><del><strong>Art.Nr.: 28.03<\/strong> Ring aus 925 Sterling Silber <span style=\"color: #008080;\">vergoldet<\/span> , 8mm Pure Collection, <strong>85\u20ac jetzt 55\u20ac<\/strong><\/del><\/p>\n<p><strong>(ausverkauft!)<\/strong><\/p>\n<hr \/>\n<h4><span style=\"color: #008080;\">\u2013 Ringe 14x10mm Pure Collection, oval, 925 Sterling Silber-<\/span><\/h4>\n<p>(bei diesen Ringen wird die Schmuckwanne komplett mit eurer Milch bef\u00fcllt)<\/p>\n<p><img loading=\"lazy\" decoding=\"async\" class=\"wp-image-366 alignnone\" src=\"https:\/\/www.sweetmilkmemories.de\/wp-content\/uploads\/2018\/09\/31655590_2073219192922297_5233160192656408576_n1-300x225.jpg\" sizes=\"auto, (max-width: 271px) 100vw, 271px\" srcset=\"https:\/\/www.sweetmilkmemories.de\/wp-content\/uploads\/2018\/09\/31655590_2073219192922297_5233160192656408576_n1-300x225.jpg 300w, https:\/\/www.sweetmilkmemories.de\/wp-content\/uploads\/2018\/09\/31655590_2073219192922297_5233160192656408576_n1-768x576.jpg 768w, https:\/\/www.sweetmilkmemories.de\/wp-content\/uploads\/2018\/09\/31655590_2073219192922297_5233160192656408576_n1.jpg 960w\" alt=\"\" width=\"271\" height=\"203\" \/><\/p>\n<p><strong>Art.Nr.: 28.04<\/strong> Ring aus 925 Sterling Silber, 14x10mm Pure Collection, oval, <del><strong>85\u20ac<\/strong><\/del><strong> jetzt 55\u20ac<\/strong><\/p>\n<p><strong>(Verf\u00fcgbar in Gr\u00f6\u00dfe: \u00a017mm, 18mm)<\/strong><\/p>\n<hr \/>\n<h4><span style=\"color: #008080;\">\u2013 Ringe 8mm Kronenfassung \u2013 <strong>(ausverkauft!)<\/strong><br \/>\n<\/span><\/h4>\n<p><span class=\"image-block caption-over-image\"><img loading=\"lazy\" decoding=\"async\" class=\"wp-image-951 alignnone\" src=\"https:\/\/www.sweetmilkmemories.de\/wp-content\/uploads\/2018\/09\/d50f86b8-40d5-d71f-7b15-993d474a6551-300x225.jpg\" sizes=\"auto, (max-width: 272px) 100vw, 272px\" srcset=\"https:\/\/www.sweetmilkmemories.de\/wp-content\/uploads\/2018\/09\/d50f86b8-40d5-d71f-7b15-993d474a6551-300x225.jpg 300w, https:\/\/www.sweetmilkmemories.de\/wp-content\/uploads\/2018\/09\/d50f86b8-40d5-d71f-7b15-993d474a6551-768x576.jpg 768w, https:\/\/www.sweetmilkmemories.de\/wp-content\/uploads\/2018\/09\/d50f86b8-40d5-d71f-7b15-993d474a6551.jpg 960w\" alt=\"\" width=\"272\" height=\"204\" \/><\/span><\/p>\n<p><del><strong>Art.Nr.: 29.03<\/strong> Ring aus 925 Sterling Silber <span style=\"color: #008080;\">rosevergoldet<\/span>, mit Perle aus Muttermilch in einer Kronenfassung, <strong>85\u20ac jetzt 55\u20ac<\/strong><\/del><\/p>\n<p><strong>(ausverkauft!)<\/strong><\/p>\n<hr \/>\n<h4><span style=\"color: #008080;\">\u2013 Ringe 6mm Kronenfassung \u2013<\/span><\/h4>\n<p>Diese Collection wird demn\u00e4chst auslaufen. Einzelne St\u00fccke die noch auf Lager sind, k\u00f6nnen noch bestellt werden.<\/p>\n<p><img loading=\"lazy\" decoding=\"async\" class=\"wp-image-729 alignnone\" src=\"https:\/\/www.sweetmilkmemories.de\/wp-content\/uploads\/2018\/09\/img_6846-300x262.jpg\" alt=\"\" width=\"270\" height=\"236\" srcset=\"https:\/\/www.sweetmilkmemories.de\/wp-content\/uploads\/2018\/09\/img_6846-300x262.jpg 300w, https:\/\/www.sweetmilkmemories.de\/wp-content\/uploads\/2018\/09\/img_6846-768x671.jpg 768w, https:\/\/www.sweetmilkmemories.de\/wp-content\/uploads\/2018\/09\/img_6846.jpg 858w\" sizes=\"auto, (max-width: 270px) 100vw, 270px\" \/><\/p>\n<p><strong>Art.Nr.: 29.01<\/strong> Ring aus 925 Sterling Silber, mit Perle aus Muttermilch in einer Kronenfassung, <strong><del>85\u20ac<\/del> jetzt 55\u20ac<\/strong><\/p>\n<p><strong>(Verf\u00fcgbar in Gr\u00f6\u00dfe: \u00a016mm)<\/strong><\/p>\n<hr \/>\n<h4><span style=\"color: #008080;\">\u2013 Anh\u00e4nger 8mm Kronenfassung, 925 Sterling Silber, mit einer Muttermilchperle \u2013 ( <strong>ausverkauft! <\/strong>)<br \/>\n<\/span><\/h4>\n<p><span class=\"image-block caption-over-image\"><img loading=\"lazy\" decoding=\"async\" class=\"wp-image-1306 alignnone\" src=\"https:\/\/www.sweetmilkmemories.de\/wp-content\/uploads\/2022\/10\/4AD837CC-82E9-4332-858F-4069D00C0DD0-225x300.jpeg\" alt=\"\" width=\"203\" height=\"271\" srcset=\"https:\/\/www.sweetmilkmemories.de\/wp-content\/uploads\/2022\/10\/4AD837CC-82E9-4332-858F-4069D00C0DD0-225x300.jpeg 225w, https:\/\/www.sweetmilkmemories.de\/wp-content\/uploads\/2022\/10\/4AD837CC-82E9-4332-858F-4069D00C0DD0-768x1024.jpeg 768w, https:\/\/www.sweetmilkmemories.de\/wp-content\/uploads\/2022\/10\/4AD837CC-82E9-4332-858F-4069D00C0DD0-1152x1536.jpeg 1152w, https:\/\/www.sweetmilkmemories.de\/wp-content\/uploads\/2022\/10\/4AD837CC-82E9-4332-858F-4069D00C0DD0.jpeg 1536w\" sizes=\"auto, (max-width: 203px) 100vw, 203px\" \/><br \/>\n<\/span><\/p>\n<p><del><strong>Art.Nr.: 09.03<\/strong> 8mm Anh\u00e4nger Kronenfassung, 925 Sterling Silber <span style=\"color: #008000;\">rosevergoldet<\/span>,<\/del> <del>Muttermilchperle , <\/del><strong><del>90\u20ac jetzt 60<\/del>\u20ac<\/strong><\/p>\n<p>(ausverkauft)<\/p>\n<hr \/>\n<h4><span style=\"color: #008080;\">-Perlenk\u00e4fige inkl. einer Muttermilchperle-<\/span><\/h4>\n<h5><span style=\"color: #008080;\">12mm Perlenk\u00e4fig &#8220;Bl\u00e4tter&#8221; inkl. Muttermilchperle<\/span><\/h5>\n<p><img loading=\"lazy\" decoding=\"async\" class=\"wp-image-745 \" src=\"https:\/\/www.sweetmilkmemories.de\/wp-content\/uploads\/2018\/09\/img_0216-300x225.jpg\" alt=\"\" width=\"269\" height=\"202\" srcset=\"https:\/\/www.sweetmilkmemories.de\/wp-content\/uploads\/2018\/09\/img_0216-300x225.jpg 300w, https:\/\/www.sweetmilkmemories.de\/wp-content\/uploads\/2018\/09\/img_0216-768x576.jpg 768w, https:\/\/www.sweetmilkmemories.de\/wp-content\/uploads\/2018\/09\/img_0216-1024x768.jpg 1024w\" sizes=\"auto, (max-width: 269px) 100vw, 269px\" \/><\/p>\n<p><strong>Art.Nr.: 19.01<\/strong> K\u00e4fig f\u00fcr 12mm Perle \u201eBl\u00e4tter\u201c, 925 Sterling Silber inkl. einerMuttermilchperle in 12mm \u00a0<strong><del>110\u20ac<\/del> jetzt 80\u20ac<\/strong><\/p>\n<hr \/>\n<h5><span style=\"color: #008080;\">16mm Perlenk\u00e4fig &#8220;Bl\u00e4tter&#8221; inkl. Muttermilchperle<\/span><\/h5>\n<p><img loading=\"lazy\" decoding=\"async\" class=\"wp-image-756 \" src=\"https:\/\/www.sweetmilkmemories.de\/wp-content\/uploads\/2018\/09\/img_8356-300x225.jpg\" alt=\"\" width=\"271\" height=\"203\" srcset=\"https:\/\/www.sweetmilkmemories.de\/wp-content\/uploads\/2018\/09\/img_8356-300x225.jpg 300w, https:\/\/www.sweetmilkmemories.de\/wp-content\/uploads\/2018\/09\/img_8356-768x576.jpg 768w, https:\/\/www.sweetmilkmemories.de\/wp-content\/uploads\/2018\/09\/img_8356-1024x768.jpg 1024w\" sizes=\"auto, (max-width: 271px) 100vw, 271px\" \/><\/p>\n<p><strong>Art.Nr.: 19.02<\/strong> K\u00e4fig f\u00fcr 16mm Perle \u201eBl\u00e4tter\u201c, 925 Sterling Silber inkl. einer Muttermilchperle in 16mm \u00a0<strong><del>120\u20ac<\/del> jetzt 90\u20ac<\/strong><\/p>\n<hr \/>\n<h5><span style=\"color: #008080;\">20mm Perlenk\u00e4fig &#8220;Lebensbaum&#8221; Edelstahl inkl. Muttermilchperle<\/span><\/h5>\n<p><img loading=\"lazy\" decoding=\"async\" class=\"wp-image-762 alignnone\" src=\"https:\/\/www.sweetmilkmemories.de\/wp-content\/uploads\/2018\/09\/img_7413-300x225.jpg\" sizes=\"auto, (max-width: 270px) 100vw, 270px\" srcset=\"https:\/\/www.sweetmilkmemories.de\/wp-content\/uploads\/2018\/09\/img_7413-300x225.jpg 300w, https:\/\/www.sweetmilkmemories.de\/wp-content\/uploads\/2018\/09\/img_7413-768x576.jpg 768w, https:\/\/www.sweetmilkmemories.de\/wp-content\/uploads\/2018\/09\/img_7413-1024x768.jpg 1024w\" alt=\"\" width=\"270\" height=\"203\" \/><\/p>\n<p><strong>Art.Nr.: 19.04<\/strong> K\u00e4fig f\u00fcr 20mm Perle \u201eLebensbaum\u201c Edelstahl inkl. einer Muttermilchperle in 20mm <strong><del>85\u20ac<\/del> jetzt 70\u20ac<\/strong><\/p>\n<hr \/>\n<p>&nbsp;<\/p>\n","protected":false},"excerpt":{"rendered":"<p>Hier habt ihr die Gelegenheit noch die letzten St\u00fccke der Kollektionen zu bestellen, die aus dem Programm genommen werden. Schnell sein lohnt sich also, denn die SALE ARTIKEL sind nur noch in kleinen St\u00fcckzahlen vorhanden. \u2013 Ringe 8mm Pure Collection, 925 Sterling Silber \u2013 (bei diesen Ringen wird die Schmuckwanne komplett mit eurer Milch bef\u00fcllt) <a class=\"read-more\" href=\"https:\/\/www.sweetmilkmemories.de\/index.php\/sale\/\">Read More<\/a><\/p>\n","protected":false},"author":2,"featured_media":0,"parent":0,"menu_order":0,"comment_status":"closed","ping_status":"closed","template":"","meta":{"footnotes":""},"class_list":["post-1407","page","type-page","status-publish","hentry"],"yoast_head":"<!-- This site is optimized with the Yoast SEO plugin v26.7 - https:\/\/yoast.com\/wordpress\/plugins\/seo\/ -->\n<title>Sale | Sweet Milk Memories<\/title>\n<meta name=\"description\" content=\"Sweet Milk Memories - Schmuck aus Muttermilch | Muttermilchschmuck | Gro\u00dflochperlen | Anh\u00e4nger | Ketten | Die sch\u00f6nste Erinnerung an die Stillzeit\" \/>\n<meta name=\"robots\" content=\"index, follow, max-snippet:-1, max-image-preview:large, max-video-preview:-1\" \/>\n<link rel=\"canonical\" href=\"https:\/\/www.sweetmilkmemories.de\/index.php\/sale\/\" \/>\n<meta property=\"og:locale\" content=\"de_DE\" \/>\n<meta property=\"og:type\" content=\"article\" \/>\n<meta property=\"og:title\" content=\"Sale | Sweet Milk Memories\" \/>\n<meta property=\"og:description\" content=\"Sweet Milk Memories - Schmuck aus Muttermilch | Muttermilchschmuck | Gro\u00dflochperlen | Anh\u00e4nger | Ketten | Die sch\u00f6nste Erinnerung an die Stillzeit\" \/>\n<meta property=\"og:url\" content=\"https:\/\/www.sweetmilkmemories.de\/index.php\/sale\/\" \/>\n<meta property=\"og:site_name\" content=\"Sweet Milk Memories\" \/>\n<meta property=\"article:publisher\" content=\"https:\/\/www.facebook.com\/sweet.milk.memories\/\" \/>\n<meta property=\"article:modified_time\" content=\"2024-08-12T10:32:15+00:00\" \/>\n<meta property=\"og:image\" content=\"https:\/\/www.sweetmilkmemories.de\/wp-content\/uploads\/2020\/02\/IMG_9271.jpg\" \/>\n<meta name=\"twitter:card\" content=\"summary_large_image\" \/>\n<meta name=\"twitter:label1\" content=\"Gesch\u00e4tzte Lesezeit\" \/>\n\t<meta name=\"twitter:data1\" content=\"4\u00a0Minuten\" \/>\n<script type=\"application\/ld+json\" class=\"yoast-schema-graph\">{\"@context\":\"https:\/\/schema.org\",\"@graph\":[{\"@type\":\"WebPage\",\"@id\":\"https:\/\/www.sweetmilkmemories.de\/index.php\/sale\/\",\"url\":\"https:\/\/www.sweetmilkmemories.de\/index.php\/sale\/\",\"name\":\"Sale | Sweet Milk Memories\",\"isPartOf\":{\"@id\":\"https:\/\/www.sweetmilkmemories.de\/#website\"},\"primaryImageOfPage\":{\"@id\":\"https:\/\/www.sweetmilkmemories.de\/index.php\/sale\/#primaryimage\"},\"image\":{\"@id\":\"https:\/\/www.sweetmilkmemories.de\/index.php\/sale\/#primaryimage\"},\"thumbnailUrl\":\"https:\/\/www.sweetmilkmemories.de\/wp-content\/uploads\/2020\/02\/IMG_9271.jpg\",\"datePublished\":\"2022-11-01T14:39:43+00:00\",\"dateModified\":\"2024-08-12T10:32:15+00:00\",\"description\":\"Sweet Milk Memories - Schmuck aus Muttermilch | Muttermilchschmuck | Gro\u00dflochperlen | Anh\u00e4nger | Ketten | Die sch\u00f6nste Erinnerung an die Stillzeit\",\"breadcrumb\":{\"@id\":\"https:\/\/www.sweetmilkmemories.de\/index.php\/sale\/#breadcrumb\"},\"inLanguage\":\"de\",\"potentialAction\":[{\"@type\":\"ReadAction\",\"target\":[\"https:\/\/www.sweetmilkmemories.de\/index.php\/sale\/\"]}]},{\"@type\":\"ImageObject\",\"inLanguage\":\"de\",\"@id\":\"https:\/\/www.sweetmilkmemories.de\/index.php\/sale\/#primaryimage\",\"url\":\"https:\/\/www.sweetmilkmemories.de\/wp-content\/uploads\/2020\/02\/IMG_9271.jpg\",\"contentUrl\":\"https:\/\/www.sweetmilkmemories.de\/wp-content\/uploads\/2020\/02\/IMG_9271.jpg\",\"width\":640,\"height\":480},{\"@type\":\"BreadcrumbList\",\"@id\":\"https:\/\/www.sweetmilkmemories.de\/index.php\/sale\/#breadcrumb\",\"itemListElement\":[{\"@type\":\"ListItem\",\"position\":1,\"name\":\"Home\",\"item\":\"https:\/\/www.sweetmilkmemories.de\/\"},{\"@type\":\"ListItem\",\"position\":2,\"name\":\"Sale\"}]},{\"@type\":\"WebSite\",\"@id\":\"https:\/\/www.sweetmilkmemories.de\/#website\",\"url\":\"https:\/\/www.sweetmilkmemories.de\/\",\"name\":\"Sweet Milk Memories\",\"description\":\"Handgefertigter individueller Schmuck aus deiner Muttermilch. In liebevoller Handarbeit stelle ich f\u00fcr dich deine einzigartige Erinnerung an deine Stillzeit her. Muttermilchschmuck aus Deutschland\",\"publisher\":{\"@id\":\"https:\/\/www.sweetmilkmemories.de\/#organization\"},\"potentialAction\":[{\"@type\":\"SearchAction\",\"target\":{\"@type\":\"EntryPoint\",\"urlTemplate\":\"https:\/\/www.sweetmilkmemories.de\/?s={search_term_string}\"},\"query-input\":{\"@type\":\"PropertyValueSpecification\",\"valueRequired\":true,\"valueName\":\"search_term_string\"}}],\"inLanguage\":\"de\"},{\"@type\":\"Organization\",\"@id\":\"https:\/\/www.sweetmilkmemories.de\/#organization\",\"name\":\"Sweet Milk Memories\",\"url\":\"https:\/\/www.sweetmilkmemories.de\/\",\"logo\":{\"@type\":\"ImageObject\",\"inLanguage\":\"de\",\"@id\":\"https:\/\/www.sweetmilkmemories.de\/#\/schema\/logo\/image\/\",\"url\":\"https:\/\/www.sweetmilkmemories.de\/wp-content\/uploads\/2018\/09\/hauptlogo-1.jpg\",\"contentUrl\":\"https:\/\/www.sweetmilkmemories.de\/wp-content\/uploads\/2018\/09\/hauptlogo-1.jpg\",\"width\":500,\"height\":121,\"caption\":\"Sweet Milk Memories\"},\"image\":{\"@id\":\"https:\/\/www.sweetmilkmemories.de\/#\/schema\/logo\/image\/\"},\"sameAs\":[\"https:\/\/www.facebook.com\/sweet.milk.memories\/\",\"https:\/\/www.instagram.com\/sweetmilkmemories\/\",\"https:\/\/www.tiktok.com\/@sweetmilkmemories\"]}]}<\/script>\n<!-- \/ Yoast SEO plugin. -->","yoast_head_json":{"title":"Sale | Sweet Milk Memories","description":"Sweet Milk Memories - Schmuck aus Muttermilch | Muttermilchschmuck | Gro\u00dflochperlen | Anh\u00e4nger | Ketten | Die sch\u00f6nste Erinnerung an die Stillzeit","robots":{"index":"index","follow":"follow","max-snippet":"max-snippet:-1","max-image-preview":"max-image-preview:large","max-video-preview":"max-video-preview:-1"},"canonical":"https:\/\/www.sweetmilkmemories.de\/index.php\/sale\/","og_locale":"de_DE","og_type":"article","og_title":"Sale | Sweet Milk Memories","og_description":"Sweet Milk Memories - Schmuck aus Muttermilch | Muttermilchschmuck | Gro\u00dflochperlen | Anh\u00e4nger | Ketten | Die sch\u00f6nste Erinnerung an die Stillzeit","og_url":"https:\/\/www.sweetmilkmemories.de\/index.php\/sale\/","og_site_name":"Sweet Milk Memories","article_publisher":"https:\/\/www.facebook.com\/sweet.milk.memories\/","article_modified_time":"2024-08-12T10:32:15+00:00","og_image":[{"url":"https:\/\/www.sweetmilkmemories.de\/wp-content\/uploads\/2020\/02\/IMG_9271.jpg","type":"","width":"","height":""}],"twitter_card":"summary_large_image","twitter_misc":{"Gesch\u00e4tzte Lesezeit":"4\u00a0Minuten"},"schema":{"@context":"https:\/\/schema.org","@graph":[{"@type":"WebPage","@id":"https:\/\/www.sweetmilkmemories.de\/index.php\/sale\/","url":"https:\/\/www.sweetmilkmemories.de\/index.php\/sale\/","name":"Sale | Sweet Milk Memories","isPartOf":{"@id":"https:\/\/www.sweetmilkmemories.de\/#website"},"primaryImageOfPage":{"@id":"https:\/\/www.sweetmilkmemories.de\/index.php\/sale\/#primaryimage"},"image":{"@id":"https:\/\/www.sweetmilkmemories.de\/index.php\/sale\/#primaryimage"},"thumbnailUrl":"https:\/\/www.sweetmilkmemories.de\/wp-content\/uploads\/2020\/02\/IMG_9271.jpg","datePublished":"2022-11-01T14:39:43+00:00","dateModified":"2024-08-12T10:32:15+00:00","description":"Sweet Milk Memories - Schmuck aus Muttermilch | Muttermilchschmuck | Gro\u00dflochperlen | Anh\u00e4nger | Ketten | Die sch\u00f6nste Erinnerung an die Stillzeit","breadcrumb":{"@id":"https:\/\/www.sweetmilkmemories.de\/index.php\/sale\/#breadcrumb"},"inLanguage":"de","potentialAction":[{"@type":"ReadAction","target":["https:\/\/www.sweetmilkmemories.de\/index.php\/sale\/"]}]},{"@type":"ImageObject","inLanguage":"de","@id":"https:\/\/www.sweetmilkmemories.de\/index.php\/sale\/#primaryimage","url":"https:\/\/www.sweetmilkmemories.de\/wp-content\/uploads\/2020\/02\/IMG_9271.jpg","contentUrl":"https:\/\/www.sweetmilkmemories.de\/wp-content\/uploads\/2020\/02\/IMG_9271.jpg","width":640,"height":480},{"@type":"BreadcrumbList","@id":"https:\/\/www.sweetmilkmemories.de\/index.php\/sale\/#breadcrumb","itemListElement":[{"@type":"ListItem","position":1,"name":"Home","item":"https:\/\/www.sweetmilkmemories.de\/"},{"@type":"ListItem","position":2,"name":"Sale"}]},{"@type":"WebSite","@id":"https:\/\/www.sweetmilkmemories.de\/#website","url":"https:\/\/www.sweetmilkmemories.de\/","name":"Sweet Milk Memories","description":"Handgefertigter individueller Schmuck aus deiner Muttermilch. In liebevoller Handarbeit stelle ich f\u00fcr dich deine einzigartige Erinnerung an deine Stillzeit her. Muttermilchschmuck aus Deutschland","publisher":{"@id":"https:\/\/www.sweetmilkmemories.de\/#organization"},"potentialAction":[{"@type":"SearchAction","target":{"@type":"EntryPoint","urlTemplate":"https:\/\/www.sweetmilkmemories.de\/?s={search_term_string}"},"query-input":{"@type":"PropertyValueSpecification","valueRequired":true,"valueName":"search_term_string"}}],"inLanguage":"de"},{"@type":"Organization","@id":"https:\/\/www.sweetmilkmemories.de\/#organization","name":"Sweet Milk Memories","url":"https:\/\/www.sweetmilkmemories.de\/","logo":{"@type":"ImageObject","inLanguage":"de","@id":"https:\/\/www.sweetmilkmemories.de\/#\/schema\/logo\/image\/","url":"https:\/\/www.sweetmilkmemories.de\/wp-content\/uploads\/2018\/09\/hauptlogo-1.jpg","contentUrl":"https:\/\/www.sweetmilkmemories.de\/wp-content\/uploads\/2018\/09\/hauptlogo-1.jpg","width":500,"height":121,"caption":"Sweet Milk Memories"},"image":{"@id":"https:\/\/www.sweetmilkmemories.de\/#\/schema\/logo\/image\/"},"sameAs":["https:\/\/www.facebook.com\/sweet.milk.memories\/","https:\/\/www.instagram.com\/sweetmilkmemories\/","https:\/\/www.tiktok.com\/@sweetmilkmemories"]}]}},"_links":{"self":[{"href":"https:\/\/www.sweetmilkmemories.de\/index.php\/wp-json\/wp\/v2\/pages\/1407","targetHints":{"allow":["GET"]}}],"collection":[{"href":"https:\/\/www.sweetmilkmemories.de\/index.php\/wp-json\/wp\/v2\/pages"}],"about":[{"href":"https:\/\/www.sweetmilkmemories.de\/index.php\/wp-json\/wp\/v2\/types\/page"}],"author":[{"embeddable":true,"href":"https:\/\/www.sweetmilkmemories.de\/index.php\/wp-json\/wp\/v2\/users\/2"}],"replies":[{"embeddable":true,"href":"https:\/\/www.sweetmilkmemories.de\/index.php\/wp-json\/wp\/v2\/comments?post=1407"}],"version-history":[{"count":9,"href":"https:\/\/www.sweetmilkmemories.de\/index.php\/wp-json\/wp\/v2\/pages\/1407\/revisions"}],"predecessor-version":[{"id":1720,"href":"https:\/\/www.sweetmilkmemories.de\/index.php\/wp-json\/wp\/v2\/pages\/1407\/revisions\/1720"}],"wp:attachment":[{"href":"https:\/\/www.sweetmilkmemories.de\/index.php\/wp-json\/wp\/v2\/media?parent=1407"}],"curies":[{"name":"wp","href":"https:\/\/api.w.org\/{rel}","templated":true}]}}