{"id":147,"date":"2018-09-12T08:59:31","date_gmt":"2018-09-12T08:59:31","guid":{"rendered":"https:\/\/www.sweetmilkmemories.de\/?page_id=147"},"modified":"2025-01-11T13:38:41","modified_gmt":"2025-01-11T11:38:41","slug":"startseite","status":"publish","type":"page","link":"https:\/\/www.sweetmilkmemories.de\/","title":{"rendered":"Startseite"},"content":{"rendered":"<h1 style=\"text-align: center;\"><span style=\"color: #008080;\">Muttermilch- und Erinnerungsschmuck<\/span><\/h1>\n<h3 style=\"text-align: center;\"><span style=\"color: #008000;\">Halte eine wundervolle Zeit in deinem Leben fest, nah bei dir!<\/span><\/h3>\n<h1 style=\"text-align: center;\"><\/h1>\n<h1><\/h1>\n<hr \/>\n<p>&nbsp;<\/p>\n<h2 style=\"text-align: center;\"><span style=\"color: #339966;\">Schreibe mir Deinen Bestellwunsch f\u00fcr Dein <\/span><\/h2>\n<h2 style=\"text-align: center;\"><span style=\"color: #339966;\">individuelles Schmuckst\u00fcck<\/span><\/h2>\n<h3 style=\"text-align: center;\"><span style=\"color: #339966;\">einfach \u00fcber das<\/span><\/h3>\n<div class=\"kvgmc6g5 cxmmr5t8 oygrvhab hcukyx3x c1et5uql ii04i59q\">\n<h3 style=\"text-align: center;\"><span style=\"color: #339966;\"><a class=\"maxbutton-2 maxbutton maxbutton-kontakt\" target=\"_blank\" rel=\"nofollow noopener\" href=\"https:\/\/www.sweetmilkmemories.de\/index.php\/kontakt\/\"><span class='mb-text'>Kontaktformular<\/span><\/a><\/span><\/h3>\n<\/div>\n<h5 style=\"text-align: center;\"><span style=\"color: #339966;\">Bestellungen sind momentan jederzeit m\u00f6glich!<\/span><\/h5>\n<h5 style=\"text-align: center;\"><span style=\"color: #339966;\">(ohne Wartelisten oder bestimmte Annahmefenster!)<\/span><\/h5>\n<p>&nbsp;<\/p>\n<div class=\"cxmmr5t8 oygrvhab hcukyx3x c1et5uql o9v6fnle ii04i59q\">\n<h3 style=\"text-align: center;\"><span style=\"color: #339966;\">Informationen zum Bestellablauf und zum Schmuck, <\/span><\/h3>\n<h3 style=\"text-align: center;\"><span style=\"color: #339966;\">findet ihr hier unter:<\/span><\/h3>\n<h3 style=\"text-align: center;\"><span style=\"color: #339966;\"><a class=\"maxbutton-3 maxbutton maxbutton-fragen\" target=\"_blank\" rel=\"nofollow noopener\" href=\"https:\/\/www.sweetmilkmemories.de\/index.php\/haeufige-fragen-faq\/\"><span class='mb-text'>H\u00e4ufige Fragen<\/span><\/a><\/span><\/h3>\n<\/div>\n<div class=\"kvgmc6g5 cxmmr5t8 oygrvhab hcukyx3x c1et5uql ii04i59q\">\n<hr \/>\n<\/div>\n<div class=\"cxmmr5t8 oygrvhab hcukyx3x c1et5uql o9v6fnle ii04i59q\" style=\"text-align: center;\">\n<h5 dir=\"auto\"><span style=\"color: #339966;\">Im Sale habt ihr die Gelegenheit noch die letzten St\u00fccke der Kollektionen zu bestellen, <\/span><\/h5>\n<h5 dir=\"auto\"><span style=\"color: #339966;\">die aus dem Programm genommen werden.<\/span><\/h5>\n<h5 dir=\"auto\"><span style=\"color: #339966;\"><a class=\"maxbutton-1 maxbutton maxbutton-sale\" target=\"_blank\" rel=\"nofollow noopener\" href=\"https:\/\/www.sweetmilkmemories.de\/index.php\/sale\/\"><span class='mb-text'>SALE Artikel<\/span><\/a><\/span><\/h5>\n<h5><span style=\"color: #339966;\">Schnell sein lohnt sich, denn nur jetzt erhaltet ihr bis zu 35% Rabatt!<\/span><\/h5>\n<\/div>\n<hr \/>\n<h3><\/h3>\n<p>&nbsp;<\/p>\n<p><img loading=\"lazy\" decoding=\"async\" class=\"aligncenter wp-image-1367\" src=\"https:\/\/www.sweetmilkmemories.de\/wp-content\/uploads\/2022\/10\/IMG_9911-300x225.jpeg\" alt=\"\" width=\"300\" height=\"225\" srcset=\"https:\/\/www.sweetmilkmemories.de\/wp-content\/uploads\/2022\/10\/IMG_9911-300x225.jpeg 300w, https:\/\/www.sweetmilkmemories.de\/wp-content\/uploads\/2022\/10\/IMG_9911-1024x768.jpeg 1024w, https:\/\/www.sweetmilkmemories.de\/wp-content\/uploads\/2022\/10\/IMG_9911-768x576.jpeg 768w, https:\/\/www.sweetmilkmemories.de\/wp-content\/uploads\/2022\/10\/IMG_9911-1536x1152.jpeg 1536w, https:\/\/www.sweetmilkmemories.de\/wp-content\/uploads\/2022\/10\/IMG_9911-2048x1536.jpeg 2048w\" sizes=\"auto, (max-width: 300px) 100vw, 300px\" \/><\/p>\n<p>&nbsp;<\/p>\n<hr \/>\n<p><img loading=\"lazy\" decoding=\"async\" class=\"wp-image-1715 size-medium aligncenter\" src=\"https:\/\/www.sweetmilkmemories.de\/wp-content\/uploads\/2024\/06\/Logo-neu-weis-e1718263027103-300x229.png\" alt=\"\" width=\"300\" height=\"229\" \/><\/p>\n<h5 style=\"text-align: center;\"><span style=\"color: #339966;\">\u00dcber mich:<\/span><\/h5>\n<p style=\"text-align: center;\"><span style=\"color: #339966;\"><span style=\"color: #808080;\">Ich bin Simone und habe selbst lange gestillt und mit liebe getragen.\u00a0Seit 2016 stelle ich in meiner kleinen Manufaktur im \u00a0Norden Deutschlands einzigartige und individuelle Schmuckst\u00fccke aus Muttermilch, Asche oder anderen pers\u00f6nlichen Materialien her. Alles geht einmal zu Ende und so bin ich dankbar, kleine St\u00fccke der Erinnerung an \u00a0eine wundervolle Zeit im leben schaffen zum d\u00fcrfen.<\/span><\/span><\/p>\n","protected":false},"excerpt":{"rendered":"<p>Muttermilch- und Erinnerungsschmuck Halte eine wundervolle Zeit in deinem Leben fest, nah bei dir! &nbsp; Schreibe mir Deinen Bestellwunsch f\u00fcr Dein individuelles Schmuckst\u00fcck einfach \u00fcber das Bestellungen sind momentan jederzeit m\u00f6glich! (ohne Wartelisten oder bestimmte Annahmefenster!) &nbsp; Informationen zum Bestellablauf und zum Schmuck, findet ihr hier unter: Im Sale habt ihr die Gelegenheit noch die <a class=\"read-more\" href=\"https:\/\/www.sweetmilkmemories.de\/\">Read More<\/a><\/p>\n","protected":false},"author":1,"featured_media":0,"parent":0,"menu_order":0,"comment_status":"closed","ping_status":"closed","template":"","meta":{"footnotes":""},"class_list":["post-147","page","type-page","status-publish","hentry"],"yoast_head":"<!-- This site is optimized with the Yoast SEO plugin v26.7 - https:\/\/yoast.com\/wordpress\/plugins\/seo\/ -->\n<title>Einzigartiger Schmuck aus Muttermilch | Sweet Milk Memories<\/title>\n<meta name=\"description\" content=\"Sweet Milk Memories - Schmuck aus Muttermilch | Muttermilchschmuck | Gro\u00dflochperlen | Haare | Anh\u00e4nger | Ketten | Einzigartige Erinnerung an deine Stillzeit\" \/>\n<meta name=\"robots\" content=\"index, follow, max-snippet:-1, max-image-preview:large, max-video-preview:-1\" \/>\n<link rel=\"canonical\" href=\"https:\/\/www.sweetmilkmemories.de\/\" \/>\n<meta property=\"og:locale\" content=\"de_DE\" \/>\n<meta property=\"og:type\" content=\"article\" \/>\n<meta property=\"og:title\" content=\"Einzigartiger Schmuck aus Muttermilch | Sweet Milk Memories\" \/>\n<meta property=\"og:description\" content=\"Sweet Milk Memories - Schmuck aus Muttermilch | Muttermilchschmuck | Gro\u00dflochperlen | Haare | Anh\u00e4nger | Ketten | Einzigartige Erinnerung an deine Stillzeit\" \/>\n<meta property=\"og:url\" content=\"https:\/\/www.sweetmilkmemories.de\/\" \/>\n<meta property=\"og:site_name\" content=\"Sweet Milk Memories\" \/>\n<meta property=\"article:publisher\" content=\"https:\/\/www.facebook.com\/sweet.milk.memories\/\" \/>\n<meta property=\"article:modified_time\" content=\"2025-01-11T11:38:41+00:00\" \/>\n<meta property=\"og:image\" content=\"https:\/\/www.sweetmilkmemories.de\/wp-content\/uploads\/2022\/10\/IMG_9911-300x225.jpeg\" \/>\n<meta name=\"twitter:card\" content=\"summary_large_image\" \/>\n<meta name=\"twitter:label1\" content=\"Gesch\u00e4tzte Lesezeit\" \/>\n\t<meta name=\"twitter:data1\" content=\"2\u00a0Minuten\" \/>\n<script type=\"application\/ld+json\" class=\"yoast-schema-graph\">{\"@context\":\"https:\/\/schema.org\",\"@graph\":[{\"@type\":\"WebPage\",\"@id\":\"https:\/\/www.sweetmilkmemories.de\/\",\"url\":\"https:\/\/www.sweetmilkmemories.de\/\",\"name\":\"Einzigartiger Schmuck aus Muttermilch | Sweet Milk Memories\",\"isPartOf\":{\"@id\":\"https:\/\/www.sweetmilkmemories.de\/#website\"},\"primaryImageOfPage\":{\"@id\":\"https:\/\/www.sweetmilkmemories.de\/#primaryimage\"},\"image\":{\"@id\":\"https:\/\/www.sweetmilkmemories.de\/#primaryimage\"},\"thumbnailUrl\":\"https:\/\/www.sweetmilkmemories.de\/wp-content\/uploads\/2022\/10\/IMG_9911-300x225.jpeg\",\"datePublished\":\"2018-09-12T08:59:31+00:00\",\"dateModified\":\"2025-01-11T11:38:41+00:00\",\"description\":\"Sweet Milk Memories - Schmuck aus Muttermilch | Muttermilchschmuck | Gro\u00dflochperlen | Haare | Anh\u00e4nger | Ketten | Einzigartige Erinnerung an deine Stillzeit\",\"breadcrumb\":{\"@id\":\"https:\/\/www.sweetmilkmemories.de\/#breadcrumb\"},\"inLanguage\":\"de\",\"potentialAction\":[{\"@type\":\"ReadAction\",\"target\":[\"https:\/\/www.sweetmilkmemories.de\/\"]}]},{\"@type\":\"ImageObject\",\"inLanguage\":\"de\",\"@id\":\"https:\/\/www.sweetmilkmemories.de\/#primaryimage\",\"url\":\"https:\/\/www.sweetmilkmemories.de\/wp-content\/uploads\/2022\/10\/IMG_9911-scaled.jpeg\",\"contentUrl\":\"https:\/\/www.sweetmilkmemories.de\/wp-content\/uploads\/2022\/10\/IMG_9911-scaled.jpeg\",\"width\":2560,\"height\":1920},{\"@type\":\"BreadcrumbList\",\"@id\":\"https:\/\/www.sweetmilkmemories.de\/#breadcrumb\",\"itemListElement\":[{\"@type\":\"ListItem\",\"position\":1,\"name\":\"Home\",\"item\":\"https:\/\/www.sweetmilkmemories.de\/\"},{\"@type\":\"ListItem\",\"position\":2,\"name\":\"Startseite\"}]},{\"@type\":\"WebSite\",\"@id\":\"https:\/\/www.sweetmilkmemories.de\/#website\",\"url\":\"https:\/\/www.sweetmilkmemories.de\/\",\"name\":\"Sweet Milk Memories\",\"description\":\"Handgefertigter individueller Schmuck aus deiner Muttermilch. In liebevoller Handarbeit stelle ich f\u00fcr dich deine einzigartige Erinnerung an deine Stillzeit her. Muttermilchschmuck aus Deutschland\",\"publisher\":{\"@id\":\"https:\/\/www.sweetmilkmemories.de\/#organization\"},\"potentialAction\":[{\"@type\":\"SearchAction\",\"target\":{\"@type\":\"EntryPoint\",\"urlTemplate\":\"https:\/\/www.sweetmilkmemories.de\/?s={search_term_string}\"},\"query-input\":{\"@type\":\"PropertyValueSpecification\",\"valueRequired\":true,\"valueName\":\"search_term_string\"}}],\"inLanguage\":\"de\"},{\"@type\":\"Organization\",\"@id\":\"https:\/\/www.sweetmilkmemories.de\/#organization\",\"name\":\"Sweet Milk Memories\",\"url\":\"https:\/\/www.sweetmilkmemories.de\/\",\"logo\":{\"@type\":\"ImageObject\",\"inLanguage\":\"de\",\"@id\":\"https:\/\/www.sweetmilkmemories.de\/#\/schema\/logo\/image\/\",\"url\":\"https:\/\/www.sweetmilkmemories.de\/wp-content\/uploads\/2018\/09\/hauptlogo-1.jpg\",\"contentUrl\":\"https:\/\/www.sweetmilkmemories.de\/wp-content\/uploads\/2018\/09\/hauptlogo-1.jpg\",\"width\":500,\"height\":121,\"caption\":\"Sweet Milk Memories\"},\"image\":{\"@id\":\"https:\/\/www.sweetmilkmemories.de\/#\/schema\/logo\/image\/\"},\"sameAs\":[\"https:\/\/www.facebook.com\/sweet.milk.memories\/\",\"https:\/\/www.instagram.com\/sweetmilkmemories\/\",\"https:\/\/www.tiktok.com\/@sweetmilkmemories\"]}]}<\/script>\n<!-- \/ Yoast SEO plugin. -->","yoast_head_json":{"title":"Einzigartiger Schmuck aus Muttermilch | Sweet Milk Memories","description":"Sweet Milk Memories - Schmuck aus Muttermilch | Muttermilchschmuck | Gro\u00dflochperlen | Haare | Anh\u00e4nger | Ketten | Einzigartige Erinnerung an deine Stillzeit","robots":{"index":"index","follow":"follow","max-snippet":"max-snippet:-1","max-image-preview":"max-image-preview:large","max-video-preview":"max-video-preview:-1"},"canonical":"https:\/\/www.sweetmilkmemories.de\/","og_locale":"de_DE","og_type":"article","og_title":"Einzigartiger Schmuck aus Muttermilch | Sweet Milk Memories","og_description":"Sweet Milk Memories - Schmuck aus Muttermilch | Muttermilchschmuck | Gro\u00dflochperlen | Haare | Anh\u00e4nger | Ketten | Einzigartige Erinnerung an deine Stillzeit","og_url":"https:\/\/www.sweetmilkmemories.de\/","og_site_name":"Sweet Milk Memories","article_publisher":"https:\/\/www.facebook.com\/sweet.milk.memories\/","article_modified_time":"2025-01-11T11:38:41+00:00","og_image":[{"url":"https:\/\/www.sweetmilkmemories.de\/wp-content\/uploads\/2022\/10\/IMG_9911-300x225.jpeg","type":"","width":"","height":""}],"twitter_card":"summary_large_image","twitter_misc":{"Gesch\u00e4tzte Lesezeit":"2\u00a0Minuten"},"schema":{"@context":"https:\/\/schema.org","@graph":[{"@type":"WebPage","@id":"https:\/\/www.sweetmilkmemories.de\/","url":"https:\/\/www.sweetmilkmemories.de\/","name":"Einzigartiger Schmuck aus Muttermilch | Sweet Milk Memories","isPartOf":{"@id":"https:\/\/www.sweetmilkmemories.de\/#website"},"primaryImageOfPage":{"@id":"https:\/\/www.sweetmilkmemories.de\/#primaryimage"},"image":{"@id":"https:\/\/www.sweetmilkmemories.de\/#primaryimage"},"thumbnailUrl":"https:\/\/www.sweetmilkmemories.de\/wp-content\/uploads\/2022\/10\/IMG_9911-300x225.jpeg","datePublished":"2018-09-12T08:59:31+00:00","dateModified":"2025-01-11T11:38:41+00:00","description":"Sweet Milk Memories - Schmuck aus Muttermilch | Muttermilchschmuck | Gro\u00dflochperlen | Haare | Anh\u00e4nger | Ketten | Einzigartige Erinnerung an deine Stillzeit","breadcrumb":{"@id":"https:\/\/www.sweetmilkmemories.de\/#breadcrumb"},"inLanguage":"de","potentialAction":[{"@type":"ReadAction","target":["https:\/\/www.sweetmilkmemories.de\/"]}]},{"@type":"ImageObject","inLanguage":"de","@id":"https:\/\/www.sweetmilkmemories.de\/#primaryimage","url":"https:\/\/www.sweetmilkmemories.de\/wp-content\/uploads\/2022\/10\/IMG_9911-scaled.jpeg","contentUrl":"https:\/\/www.sweetmilkmemories.de\/wp-content\/uploads\/2022\/10\/IMG_9911-scaled.jpeg","width":2560,"height":1920},{"@type":"BreadcrumbList","@id":"https:\/\/www.sweetmilkmemories.de\/#breadcrumb","itemListElement":[{"@type":"ListItem","position":1,"name":"Home","item":"https:\/\/www.sweetmilkmemories.de\/"},{"@type":"ListItem","position":2,"name":"Startseite"}]},{"@type":"WebSite","@id":"https:\/\/www.sweetmilkmemories.de\/#website","url":"https:\/\/www.sweetmilkmemories.de\/","name":"Sweet Milk Memories","description":"Handgefertigter individueller Schmuck aus deiner Muttermilch. In liebevoller Handarbeit stelle ich f\u00fcr dich deine einzigartige Erinnerung an deine Stillzeit her. Muttermilchschmuck aus Deutschland","publisher":{"@id":"https:\/\/www.sweetmilkmemories.de\/#organization"},"potentialAction":[{"@type":"SearchAction","target":{"@type":"EntryPoint","urlTemplate":"https:\/\/www.sweetmilkmemories.de\/?s={search_term_string}"},"query-input":{"@type":"PropertyValueSpecification","valueRequired":true,"valueName":"search_term_string"}}],"inLanguage":"de"},{"@type":"Organization","@id":"https:\/\/www.sweetmilkmemories.de\/#organization","name":"Sweet Milk Memories","url":"https:\/\/www.sweetmilkmemories.de\/","logo":{"@type":"ImageObject","inLanguage":"de","@id":"https:\/\/www.sweetmilkmemories.de\/#\/schema\/logo\/image\/","url":"https:\/\/www.sweetmilkmemories.de\/wp-content\/uploads\/2018\/09\/hauptlogo-1.jpg","contentUrl":"https:\/\/www.sweetmilkmemories.de\/wp-content\/uploads\/2018\/09\/hauptlogo-1.jpg","width":500,"height":121,"caption":"Sweet Milk Memories"},"image":{"@id":"https:\/\/www.sweetmilkmemories.de\/#\/schema\/logo\/image\/"},"sameAs":["https:\/\/www.facebook.com\/sweet.milk.memories\/","https:\/\/www.instagram.com\/sweetmilkmemories\/","https:\/\/www.tiktok.com\/@sweetmilkmemories"]}]}},"_links":{"self":[{"href":"https:\/\/www.sweetmilkmemories.de\/index.php\/wp-json\/wp\/v2\/pages\/147","targetHints":{"allow":["GET"]}}],"collection":[{"href":"https:\/\/www.sweetmilkmemories.de\/index.php\/wp-json\/wp\/v2\/pages"}],"about":[{"href":"https:\/\/www.sweetmilkmemories.de\/index.php\/wp-json\/wp\/v2\/types\/page"}],"author":[{"embeddable":true,"href":"https:\/\/www.sweetmilkmemories.de\/index.php\/wp-json\/wp\/v2\/users\/1"}],"replies":[{"embeddable":true,"href":"https:\/\/www.sweetmilkmemories.de\/index.php\/wp-json\/wp\/v2\/comments?post=147"}],"version-history":[{"count":140,"href":"https:\/\/www.sweetmilkmemories.de\/index.php\/wp-json\/wp\/v2\/pages\/147\/revisions"}],"predecessor-version":[{"id":1773,"href":"https:\/\/www.sweetmilkmemories.de\/index.php\/wp-json\/wp\/v2\/pages\/147\/revisions\/1773"}],"wp:attachment":[{"href":"https:\/\/www.sweetmilkmemories.de\/index.php\/wp-json\/wp\/v2\/media?parent=147"}],"curies":[{"name":"wp","href":"https:\/\/api.w.org\/{rel}","templated":true}]}}