{"id":45,"date":"2018-09-11T14:43:45","date_gmt":"2018-09-11T14:43:45","guid":{"rendered":"https:\/\/www.sweetmilkmemories.de\/?page_id=45"},"modified":"2022-11-01T19:59:22","modified_gmt":"2022-11-01T17:59:22","slug":"schmuck-kollektionen","status":"publish","type":"page","link":"https:\/\/www.sweetmilkmemories.de\/index.php\/schmuck-kollektionen\/","title":{"rendered":"Schmuck-Kollektionen"},"content":{"rendered":"<div id=\"widget-c2425f00-9041-6501-52ba-2c6a890cc36c\" class=\"widget widget-text \">\n<div class=\"widget-content\">\n<h5 style=\"text-align: center;\"><span style=\"color: #993366;\">\u00a0<\/span><\/h5>\n<p>&nbsp;<\/p>\n<p style=\"text-align: center;\">Beschreibungen und Preise findet ihr in den Untermen\u00fcs vom Muttermilchschmuck. Da ich alles nach euren W\u00fcnschen individuell anfertige, kann es je nach Aufwand und Material Preisunterschiede geben.<\/p>\n<p style=\"text-align: center;\">Alle Preise sind ohne Ketten, zzgl. Versandkosten. Ketten in Wunschfarbe und L\u00e4nge k\u00f6nnt ihr aber gerne dazu bestellen. Diese findet ihr im Men\u00fcpunk &#8220;Ketten&#8221;.<\/p>\n<p>&nbsp;<\/p>\n<h2 style=\"text-align: center;\"><span style=\"color: #993366;\"><a style=\"color: #993366;\" href=\"https:\/\/www.sweetmilkmemories.de\/index.php\/schmuck-kollektionen\/muttermilchschmuck\/\"><span style=\"color: #339966;\">Muttermilchschmuck<\/span><\/a><a href=\"https:\/\/www.sweetmilkmemories.de\/index.php\/schmuck-kollektionen\/muttermilchschmuck\/\"><img loading=\"lazy\" decoding=\"async\" class=\"size-medium wp-image-831 aligncenter\" src=\"https:\/\/www.sweetmilkmemories.de\/wp-content\/uploads\/2018\/09\/1537136807230-300x225.jpg\" alt=\"\" width=\"300\" height=\"225\" srcset=\"https:\/\/www.sweetmilkmemories.de\/wp-content\/uploads\/2018\/09\/1537136807230-300x225.jpg 300w, https:\/\/www.sweetmilkmemories.de\/wp-content\/uploads\/2018\/09\/1537136807230-768x576.jpg 768w, https:\/\/www.sweetmilkmemories.de\/wp-content\/uploads\/2018\/09\/1537136807230-1024x768.jpg 1024w\" sizes=\"auto, (max-width: 300px) 100vw, 300px\" \/><\/a><\/span><\/h2>\n<\/div>\n<\/div>\n<h2><\/h2>\n<p>&nbsp;<\/p>\n<div id=\"widget-c2425f00-9041-6501-52ba-2c6a890cc36c\" class=\"widget widget-text \">\n<h2 style=\"text-align: center;\"><a href=\"https:\/\/www.sweetmilkmemories.de\/index.php\/schmuck-kollektionen\/tragetuchschmuck\/\"><span style=\"color: #993366;\"><span style=\"color: #339966;\">Tragetuchschmuck<\/span><img loading=\"lazy\" decoding=\"async\" class=\"size-medium wp-image-832 aligncenter\" src=\"https:\/\/www.sweetmilkmemories.de\/wp-content\/uploads\/2018\/09\/1537137985446-300x225.jpg\" alt=\"\" width=\"300\" height=\"225\" srcset=\"https:\/\/www.sweetmilkmemories.de\/wp-content\/uploads\/2018\/09\/1537137985446-300x225.jpg 300w, https:\/\/www.sweetmilkmemories.de\/wp-content\/uploads\/2018\/09\/1537137985446-768x576.jpg 768w, https:\/\/www.sweetmilkmemories.de\/wp-content\/uploads\/2018\/09\/1537137985446-1024x768.jpg 1024w\" sizes=\"auto, (max-width: 300px) 100vw, 300px\" \/><\/span><\/a><\/h2>\n<\/div>\n<h2><\/h2>\n<p>&nbsp;<\/p>\n<h2 style=\"text-align: center;\"><a href=\"https:\/\/www.sweetmilkmemories.de\/index.php\/schmuck-kollektionen\/ketten\/\"><span style=\"color: #993366;\"><span style=\"color: #339966;\">Ketten<\/span><img loading=\"lazy\" decoding=\"async\" class=\"size-medium wp-image-833 aligncenter\" src=\"https:\/\/www.sweetmilkmemories.de\/wp-content\/uploads\/2018\/09\/1537138263145-300x300.jpg\" alt=\"\" width=\"300\" height=\"300\" srcset=\"https:\/\/www.sweetmilkmemories.de\/wp-content\/uploads\/2018\/09\/1537138263145-300x300.jpg 300w, https:\/\/www.sweetmilkmemories.de\/wp-content\/uploads\/2018\/09\/1537138263145-150x150.jpg 150w, https:\/\/www.sweetmilkmemories.de\/wp-content\/uploads\/2018\/09\/1537138263145-768x768.jpg 768w, https:\/\/www.sweetmilkmemories.de\/wp-content\/uploads\/2018\/09\/1537138263145-1024x1024.jpg 1024w\" sizes=\"auto, (max-width: 300px) 100vw, 300px\" \/><\/span><\/a><\/h2>\n","protected":false},"excerpt":{"rendered":"<p>\u00a0 &nbsp; Beschreibungen und Preise findet ihr in den Untermen\u00fcs vom Muttermilchschmuck. Da ich alles nach euren W\u00fcnschen individuell anfertige, kann es je nach Aufwand und Material Preisunterschiede geben. Alle Preise sind ohne Ketten, zzgl. Versandkosten. Ketten in Wunschfarbe und L\u00e4nge k\u00f6nnt ihr aber gerne dazu bestellen. Diese findet ihr im Men\u00fcpunk &#8220;Ketten&#8221;. &nbsp; Muttermilchschmuck <a class=\"read-more\" href=\"https:\/\/www.sweetmilkmemories.de\/index.php\/schmuck-kollektionen\/\">Read More<\/a><\/p>\n","protected":false},"author":1,"featured_media":0,"parent":0,"menu_order":0,"comment_status":"closed","ping_status":"closed","template":"","meta":{"footnotes":""},"class_list":["post-45","page","type-page","status-publish","hentry"],"yoast_head":"<!-- This site is optimized with the Yoast SEO plugin v26.7 - https:\/\/yoast.com\/wordpress\/plugins\/seo\/ -->\n<title>Schmuck-Kollektionen | Schmuck aus Muttermilch | Tragetuchschmuck<\/title>\n<meta name=\"description\" content=\"Sweet Milk Memories - Schmuck aus Muttermilch | Muttermilchschmuck | Gro\u00dflochperlen | Anh\u00e4nger | Ketten | Einzigartige Erinnerung an deine Stillzeit\" \/>\n<meta name=\"robots\" content=\"index, follow, max-snippet:-1, max-image-preview:large, max-video-preview:-1\" \/>\n<link rel=\"canonical\" href=\"https:\/\/www.sweetmilkmemories.de\/index.php\/schmuck-kollektionen\/\" \/>\n<meta property=\"og:locale\" content=\"de_DE\" \/>\n<meta property=\"og:type\" content=\"article\" \/>\n<meta property=\"og:title\" content=\"Schmuck-Kollektionen | Schmuck aus Muttermilch | Tragetuchschmuck\" \/>\n<meta property=\"og:description\" content=\"Sweet Milk Memories - Schmuck aus Muttermilch | Muttermilchschmuck | Gro\u00dflochperlen | Anh\u00e4nger | Ketten | Einzigartige Erinnerung an deine Stillzeit\" \/>\n<meta property=\"og:url\" content=\"https:\/\/www.sweetmilkmemories.de\/index.php\/schmuck-kollektionen\/\" \/>\n<meta property=\"og:site_name\" content=\"Sweet Milk Memories\" \/>\n<meta property=\"article:publisher\" content=\"https:\/\/www.facebook.com\/sweet.milk.memories\/\" \/>\n<meta property=\"article:modified_time\" content=\"2022-11-01T17:59:22+00:00\" \/>\n<meta property=\"og:image\" content=\"https:\/\/www.sweetmilkmemories.de\/wp-content\/uploads\/2018\/09\/1537136807230-300x225.jpg\" \/>\n<meta name=\"twitter:card\" content=\"summary_large_image\" \/>\n<meta name=\"twitter:label1\" content=\"Gesch\u00e4tzte Lesezeit\" \/>\n\t<meta name=\"twitter:data1\" content=\"1\u00a0Minute\" \/>\n<script type=\"application\/ld+json\" class=\"yoast-schema-graph\">{\"@context\":\"https:\/\/schema.org\",\"@graph\":[{\"@type\":\"WebPage\",\"@id\":\"https:\/\/www.sweetmilkmemories.de\/index.php\/schmuck-kollektionen\/\",\"url\":\"https:\/\/www.sweetmilkmemories.de\/index.php\/schmuck-kollektionen\/\",\"name\":\"Schmuck-Kollektionen | Schmuck aus Muttermilch | Tragetuchschmuck\",\"isPartOf\":{\"@id\":\"https:\/\/www.sweetmilkmemories.de\/#website\"},\"primaryImageOfPage\":{\"@id\":\"https:\/\/www.sweetmilkmemories.de\/index.php\/schmuck-kollektionen\/#primaryimage\"},\"image\":{\"@id\":\"https:\/\/www.sweetmilkmemories.de\/index.php\/schmuck-kollektionen\/#primaryimage\"},\"thumbnailUrl\":\"https:\/\/www.sweetmilkmemories.de\/wp-content\/uploads\/2018\/09\/1537136807230-300x225.jpg\",\"datePublished\":\"2018-09-11T14:43:45+00:00\",\"dateModified\":\"2022-11-01T17:59:22+00:00\",\"description\":\"Sweet Milk Memories - Schmuck aus Muttermilch | Muttermilchschmuck | Gro\u00dflochperlen | Anh\u00e4nger | Ketten | Einzigartige Erinnerung an deine Stillzeit\",\"breadcrumb\":{\"@id\":\"https:\/\/www.sweetmilkmemories.de\/index.php\/schmuck-kollektionen\/#breadcrumb\"},\"inLanguage\":\"de\",\"potentialAction\":[{\"@type\":\"ReadAction\",\"target\":[\"https:\/\/www.sweetmilkmemories.de\/index.php\/schmuck-kollektionen\/\"]}]},{\"@type\":\"ImageObject\",\"inLanguage\":\"de\",\"@id\":\"https:\/\/www.sweetmilkmemories.de\/index.php\/schmuck-kollektionen\/#primaryimage\",\"url\":\"https:\/\/www.sweetmilkmemories.de\/wp-content\/uploads\/2018\/09\/1537136807230.jpg\",\"contentUrl\":\"https:\/\/www.sweetmilkmemories.de\/wp-content\/uploads\/2018\/09\/1537136807230.jpg\",\"width\":3265,\"height\":2449},{\"@type\":\"BreadcrumbList\",\"@id\":\"https:\/\/www.sweetmilkmemories.de\/index.php\/schmuck-kollektionen\/#breadcrumb\",\"itemListElement\":[{\"@type\":\"ListItem\",\"position\":1,\"name\":\"Home\",\"item\":\"https:\/\/www.sweetmilkmemories.de\/\"},{\"@type\":\"ListItem\",\"position\":2,\"name\":\"Schmuck-Kollektionen\"}]},{\"@type\":\"WebSite\",\"@id\":\"https:\/\/www.sweetmilkmemories.de\/#website\",\"url\":\"https:\/\/www.sweetmilkmemories.de\/\",\"name\":\"Sweet Milk Memories\",\"description\":\"Handgefertigter individueller Schmuck aus deiner Muttermilch. In liebevoller Handarbeit stelle ich f\u00fcr dich deine einzigartige Erinnerung an deine Stillzeit her. Muttermilchschmuck aus Deutschland\",\"publisher\":{\"@id\":\"https:\/\/www.sweetmilkmemories.de\/#organization\"},\"potentialAction\":[{\"@type\":\"SearchAction\",\"target\":{\"@type\":\"EntryPoint\",\"urlTemplate\":\"https:\/\/www.sweetmilkmemories.de\/?s={search_term_string}\"},\"query-input\":{\"@type\":\"PropertyValueSpecification\",\"valueRequired\":true,\"valueName\":\"search_term_string\"}}],\"inLanguage\":\"de\"},{\"@type\":\"Organization\",\"@id\":\"https:\/\/www.sweetmilkmemories.de\/#organization\",\"name\":\"Sweet Milk Memories\",\"url\":\"https:\/\/www.sweetmilkmemories.de\/\",\"logo\":{\"@type\":\"ImageObject\",\"inLanguage\":\"de\",\"@id\":\"https:\/\/www.sweetmilkmemories.de\/#\/schema\/logo\/image\/\",\"url\":\"https:\/\/www.sweetmilkmemories.de\/wp-content\/uploads\/2018\/09\/hauptlogo-1.jpg\",\"contentUrl\":\"https:\/\/www.sweetmilkmemories.de\/wp-content\/uploads\/2018\/09\/hauptlogo-1.jpg\",\"width\":500,\"height\":121,\"caption\":\"Sweet Milk Memories\"},\"image\":{\"@id\":\"https:\/\/www.sweetmilkmemories.de\/#\/schema\/logo\/image\/\"},\"sameAs\":[\"https:\/\/www.facebook.com\/sweet.milk.memories\/\",\"https:\/\/www.instagram.com\/sweetmilkmemories\/\",\"https:\/\/www.tiktok.com\/@sweetmilkmemories\"]}]}<\/script>\n<!-- \/ Yoast SEO plugin. -->","yoast_head_json":{"title":"Schmuck-Kollektionen | Schmuck aus Muttermilch | Tragetuchschmuck","description":"Sweet Milk Memories - Schmuck aus Muttermilch | Muttermilchschmuck | Gro\u00dflochperlen | Anh\u00e4nger | Ketten | Einzigartige Erinnerung an deine Stillzeit","robots":{"index":"index","follow":"follow","max-snippet":"max-snippet:-1","max-image-preview":"max-image-preview:large","max-video-preview":"max-video-preview:-1"},"canonical":"https:\/\/www.sweetmilkmemories.de\/index.php\/schmuck-kollektionen\/","og_locale":"de_DE","og_type":"article","og_title":"Schmuck-Kollektionen | Schmuck aus Muttermilch | Tragetuchschmuck","og_description":"Sweet Milk Memories - Schmuck aus Muttermilch | Muttermilchschmuck | Gro\u00dflochperlen | Anh\u00e4nger | Ketten | Einzigartige Erinnerung an deine Stillzeit","og_url":"https:\/\/www.sweetmilkmemories.de\/index.php\/schmuck-kollektionen\/","og_site_name":"Sweet Milk Memories","article_publisher":"https:\/\/www.facebook.com\/sweet.milk.memories\/","article_modified_time":"2022-11-01T17:59:22+00:00","og_image":[{"url":"https:\/\/www.sweetmilkmemories.de\/wp-content\/uploads\/2018\/09\/1537136807230-300x225.jpg","type":"","width":"","height":""}],"twitter_card":"summary_large_image","twitter_misc":{"Gesch\u00e4tzte Lesezeit":"1\u00a0Minute"},"schema":{"@context":"https:\/\/schema.org","@graph":[{"@type":"WebPage","@id":"https:\/\/www.sweetmilkmemories.de\/index.php\/schmuck-kollektionen\/","url":"https:\/\/www.sweetmilkmemories.de\/index.php\/schmuck-kollektionen\/","name":"Schmuck-Kollektionen | Schmuck aus Muttermilch | Tragetuchschmuck","isPartOf":{"@id":"https:\/\/www.sweetmilkmemories.de\/#website"},"primaryImageOfPage":{"@id":"https:\/\/www.sweetmilkmemories.de\/index.php\/schmuck-kollektionen\/#primaryimage"},"image":{"@id":"https:\/\/www.sweetmilkmemories.de\/index.php\/schmuck-kollektionen\/#primaryimage"},"thumbnailUrl":"https:\/\/www.sweetmilkmemories.de\/wp-content\/uploads\/2018\/09\/1537136807230-300x225.jpg","datePublished":"2018-09-11T14:43:45+00:00","dateModified":"2022-11-01T17:59:22+00:00","description":"Sweet Milk Memories - Schmuck aus Muttermilch | Muttermilchschmuck | Gro\u00dflochperlen | Anh\u00e4nger | Ketten | Einzigartige Erinnerung an deine Stillzeit","breadcrumb":{"@id":"https:\/\/www.sweetmilkmemories.de\/index.php\/schmuck-kollektionen\/#breadcrumb"},"inLanguage":"de","potentialAction":[{"@type":"ReadAction","target":["https:\/\/www.sweetmilkmemories.de\/index.php\/schmuck-kollektionen\/"]}]},{"@type":"ImageObject","inLanguage":"de","@id":"https:\/\/www.sweetmilkmemories.de\/index.php\/schmuck-kollektionen\/#primaryimage","url":"https:\/\/www.sweetmilkmemories.de\/wp-content\/uploads\/2018\/09\/1537136807230.jpg","contentUrl":"https:\/\/www.sweetmilkmemories.de\/wp-content\/uploads\/2018\/09\/1537136807230.jpg","width":3265,"height":2449},{"@type":"BreadcrumbList","@id":"https:\/\/www.sweetmilkmemories.de\/index.php\/schmuck-kollektionen\/#breadcrumb","itemListElement":[{"@type":"ListItem","position":1,"name":"Home","item":"https:\/\/www.sweetmilkmemories.de\/"},{"@type":"ListItem","position":2,"name":"Schmuck-Kollektionen"}]},{"@type":"WebSite","@id":"https:\/\/www.sweetmilkmemories.de\/#website","url":"https:\/\/www.sweetmilkmemories.de\/","name":"Sweet Milk Memories","description":"Handgefertigter individueller Schmuck aus deiner Muttermilch. In liebevoller Handarbeit stelle ich f\u00fcr dich deine einzigartige Erinnerung an deine Stillzeit her. Muttermilchschmuck aus Deutschland","publisher":{"@id":"https:\/\/www.sweetmilkmemories.de\/#organization"},"potentialAction":[{"@type":"SearchAction","target":{"@type":"EntryPoint","urlTemplate":"https:\/\/www.sweetmilkmemories.de\/?s={search_term_string}"},"query-input":{"@type":"PropertyValueSpecification","valueRequired":true,"valueName":"search_term_string"}}],"inLanguage":"de"},{"@type":"Organization","@id":"https:\/\/www.sweetmilkmemories.de\/#organization","name":"Sweet Milk Memories","url":"https:\/\/www.sweetmilkmemories.de\/","logo":{"@type":"ImageObject","inLanguage":"de","@id":"https:\/\/www.sweetmilkmemories.de\/#\/schema\/logo\/image\/","url":"https:\/\/www.sweetmilkmemories.de\/wp-content\/uploads\/2018\/09\/hauptlogo-1.jpg","contentUrl":"https:\/\/www.sweetmilkmemories.de\/wp-content\/uploads\/2018\/09\/hauptlogo-1.jpg","width":500,"height":121,"caption":"Sweet Milk Memories"},"image":{"@id":"https:\/\/www.sweetmilkmemories.de\/#\/schema\/logo\/image\/"},"sameAs":["https:\/\/www.facebook.com\/sweet.milk.memories\/","https:\/\/www.instagram.com\/sweetmilkmemories\/","https:\/\/www.tiktok.com\/@sweetmilkmemories"]}]}},"_links":{"self":[{"href":"https:\/\/www.sweetmilkmemories.de\/index.php\/wp-json\/wp\/v2\/pages\/45","targetHints":{"allow":["GET"]}}],"collection":[{"href":"https:\/\/www.sweetmilkmemories.de\/index.php\/wp-json\/wp\/v2\/pages"}],"about":[{"href":"https:\/\/www.sweetmilkmemories.de\/index.php\/wp-json\/wp\/v2\/types\/page"}],"author":[{"embeddable":true,"href":"https:\/\/www.sweetmilkmemories.de\/index.php\/wp-json\/wp\/v2\/users\/1"}],"replies":[{"embeddable":true,"href":"https:\/\/www.sweetmilkmemories.de\/index.php\/wp-json\/wp\/v2\/comments?post=45"}],"version-history":[{"count":16,"href":"https:\/\/www.sweetmilkmemories.de\/index.php\/wp-json\/wp\/v2\/pages\/45\/revisions"}],"predecessor-version":[{"id":1442,"href":"https:\/\/www.sweetmilkmemories.de\/index.php\/wp-json\/wp\/v2\/pages\/45\/revisions\/1442"}],"wp:attachment":[{"href":"https:\/\/www.sweetmilkmemories.de\/index.php\/wp-json\/wp\/v2\/media?parent=45"}],"curies":[{"name":"wp","href":"https:\/\/api.w.org\/{rel}","templated":true}]}}