{"id":51,"date":"2018-09-11T14:55:23","date_gmt":"2018-09-11T14:55:23","guid":{"rendered":"https:\/\/www.sweetmilkmemories.de\/?page_id=51"},"modified":"2025-01-09T19:12:16","modified_gmt":"2025-01-09T17:12:16","slug":"anhaenger","status":"publish","type":"page","link":"https:\/\/www.sweetmilkmemories.de\/index.php\/schmuck-kollektionen\/muttermilchschmuck\/anhaenger\/","title":{"rendered":"Anh\u00e4nger"},"content":{"rendered":"<h2><\/h2>\n<h2 style=\"text-align: center;\"><span style=\"color: #339966;\"><strong style=\"color: #339966;\"><a style=\"color: #339966;\" href=\"https:\/\/www.sweetmilkmemories.de\/index.php\/anhaenger-mit-metallfassungen\/\">Anh\u00e4nger mit<\/a><\/strong><a style=\"color: #339966;\" href=\"https:\/\/www.sweetmilkmemories.de\/index.php\/anhaenger-mit-metallfassungen\/\"> Metallfassungen<\/a><\/span><\/h2>\n<p><a href=\"https:\/\/www.sweetmilkmemories.de\/index.php\/anhaenger-mit-metallfassungen\/\"><img loading=\"lazy\" decoding=\"async\" class=\"aligncenter wp-image-1288 size-medium\" src=\"https:\/\/www.sweetmilkmemories.de\/wp-content\/uploads\/2022\/09\/9B510C93-C7A4-4DE4-8173-92C04F6B28A3-300x225.jpeg\" alt=\"\" width=\"300\" height=\"225\" srcset=\"https:\/\/www.sweetmilkmemories.de\/wp-content\/uploads\/2022\/09\/9B510C93-C7A4-4DE4-8173-92C04F6B28A3-300x225.jpeg 300w, https:\/\/www.sweetmilkmemories.de\/wp-content\/uploads\/2022\/09\/9B510C93-C7A4-4DE4-8173-92C04F6B28A3-1024x768.jpeg 1024w, https:\/\/www.sweetmilkmemories.de\/wp-content\/uploads\/2022\/09\/9B510C93-C7A4-4DE4-8173-92C04F6B28A3-768x576.jpeg 768w, https:\/\/www.sweetmilkmemories.de\/wp-content\/uploads\/2022\/09\/9B510C93-C7A4-4DE4-8173-92C04F6B28A3-1536x1152.jpeg 1536w, https:\/\/www.sweetmilkmemories.de\/wp-content\/uploads\/2022\/09\/9B510C93-C7A4-4DE4-8173-92C04F6B28A3-2048x1536.jpeg 2048w\" sizes=\"auto, (max-width: 300px) 100vw, 300px\" \/><\/a><\/p>\n<p>&nbsp;<\/p>\n<h2 style=\"text-align: center;\"><span style=\"color: #339966;\"><a style=\"color: #339966;\" href=\"https:\/\/www.sweetmilkmemories.de\/index.php\/muttermilchschmuck-pure-collection-925-silber\/\">Pure Collection Muttermilchanh\u00e4nger<\/a><\/span><\/h2>\n<h6 style=\"text-align: center;\"><a href=\"https:\/\/www.sweetmilkmemories.de\/index.php\/muttermilchschmuck-pure-collection-925-silber\/\"><img loading=\"lazy\" decoding=\"async\" class=\"aligncenter wp-image-1230 size-medium\" src=\"https:\/\/www.sweetmilkmemories.de\/wp-content\/uploads\/2022\/09\/F6989C9E-2CC6-4FFF-BC70-D8D58EC190AE-300x225.jpeg\" alt=\"\" width=\"300\" height=\"225\" srcset=\"https:\/\/www.sweetmilkmemories.de\/wp-content\/uploads\/2022\/09\/F6989C9E-2CC6-4FFF-BC70-D8D58EC190AE-300x225.jpeg 300w, https:\/\/www.sweetmilkmemories.de\/wp-content\/uploads\/2022\/09\/F6989C9E-2CC6-4FFF-BC70-D8D58EC190AE-1024x768.jpeg 1024w, https:\/\/www.sweetmilkmemories.de\/wp-content\/uploads\/2022\/09\/F6989C9E-2CC6-4FFF-BC70-D8D58EC190AE-768x576.jpeg 768w, https:\/\/www.sweetmilkmemories.de\/wp-content\/uploads\/2022\/09\/F6989C9E-2CC6-4FFF-BC70-D8D58EC190AE-1536x1152.jpeg 1536w, https:\/\/www.sweetmilkmemories.de\/wp-content\/uploads\/2022\/09\/F6989C9E-2CC6-4FFF-BC70-D8D58EC190AE-2048x1536.jpeg 2048w\" sizes=\"auto, (max-width: 300px) 100vw, 300px\" \/><\/a><\/h6>\n<p>&nbsp;<\/p>\n<h2 style=\"text-align: center;\"><span style=\"color: #339966;\"><a style=\"color: #339966;\" href=\"https:\/\/www.sweetmilkmemories.de\/index.php\/anhaenger-kronenfassung\/\">Anh\u00e4nger <\/a><\/span><\/h2>\n<h2 style=\"text-align: center;\"><span style=\"color: #339966;\"><a style=\"color: #339966;\" href=\"https:\/\/www.sweetmilkmemories.de\/index.php\/anhaenger-kronenfassung\/\">Kronenfassung<\/a><\/span><\/h2>\n<p><a href=\"https:\/\/www.sweetmilkmemories.de\/index.php\/anhaenger-kronenfassung\/\"><img loading=\"lazy\" decoding=\"async\" class=\"wp-image-1306 size-medium aligncenter\" src=\"https:\/\/www.sweetmilkmemories.de\/wp-content\/uploads\/2022\/10\/4AD837CC-82E9-4332-858F-4069D00C0DD0-225x300.jpeg\" alt=\"\" width=\"225\" height=\"300\" srcset=\"https:\/\/www.sweetmilkmemories.de\/wp-content\/uploads\/2022\/10\/4AD837CC-82E9-4332-858F-4069D00C0DD0-225x300.jpeg 225w, https:\/\/www.sweetmilkmemories.de\/wp-content\/uploads\/2022\/10\/4AD837CC-82E9-4332-858F-4069D00C0DD0-768x1024.jpeg 768w, https:\/\/www.sweetmilkmemories.de\/wp-content\/uploads\/2022\/10\/4AD837CC-82E9-4332-858F-4069D00C0DD0-1152x1536.jpeg 1152w, https:\/\/www.sweetmilkmemories.de\/wp-content\/uploads\/2022\/10\/4AD837CC-82E9-4332-858F-4069D00C0DD0.jpeg 1536w\" sizes=\"auto, (max-width: 225px) 100vw, 225px\" \/><\/a><\/p>\n<p>&nbsp;<\/p>\n<h2 style=\"text-align: center;\"><span style=\"color: #339966;\"><a style=\"color: #339966;\" href=\"https:\/\/www.sweetmilkmemories.de\/index.php\/floating-charm-anhaenger\/\">Floating Charm Anh\u00e4nger<\/a><\/span><\/h2>\n<p><a href=\"https:\/\/www.sweetmilkmemories.de\/index.php\/floating-charm-anhaenger\/\"><img loading=\"lazy\" decoding=\"async\" class=\"wp-image-1247 size-medium aligncenter\" src=\"https:\/\/www.sweetmilkmemories.de\/wp-content\/uploads\/2022\/09\/14526280-76C9-4967-92C9-A74C041755B5-300x228.jpeg\" alt=\"\" width=\"300\" height=\"228\" srcset=\"https:\/\/www.sweetmilkmemories.de\/wp-content\/uploads\/2022\/09\/14526280-76C9-4967-92C9-A74C041755B5-300x228.jpeg 300w, https:\/\/www.sweetmilkmemories.de\/wp-content\/uploads\/2022\/09\/14526280-76C9-4967-92C9-A74C041755B5-1024x777.jpeg 1024w, https:\/\/www.sweetmilkmemories.de\/wp-content\/uploads\/2022\/09\/14526280-76C9-4967-92C9-A74C041755B5-768x582.jpeg 768w, https:\/\/www.sweetmilkmemories.de\/wp-content\/uploads\/2022\/09\/14526280-76C9-4967-92C9-A74C041755B5-1536x1165.jpeg 1536w, https:\/\/www.sweetmilkmemories.de\/wp-content\/uploads\/2022\/09\/14526280-76C9-4967-92C9-A74C041755B5-2048x1553.jpeg 2048w\" sizes=\"auto, (max-width: 300px) 100vw, 300px\" \/><\/a><\/p>\n<p>&nbsp;<\/p>\n<h2 style=\"text-align: center;\"><span style=\"color: #339966;\"><a style=\"color: #339966;\" href=\"https:\/\/www.sweetmilkmemories.de\/index.php\/motivanhaenger\/\">Motivanh\u00e4nger<\/a><\/span><\/h2>\n<p><a href=\"https:\/\/www.sweetmilkmemories.de\/index.php\/motivanhaenger\/\"><img loading=\"lazy\" decoding=\"async\" class=\"wp-image-1237 size-medium aligncenter\" src=\"https:\/\/www.sweetmilkmemories.de\/wp-content\/uploads\/2022\/09\/89FA48F0-7838-415D-990C-4CD0BE69BA0E-300x206.jpeg\" alt=\"\" width=\"300\" height=\"206\" srcset=\"https:\/\/www.sweetmilkmemories.de\/wp-content\/uploads\/2022\/09\/89FA48F0-7838-415D-990C-4CD0BE69BA0E-300x206.jpeg 300w, https:\/\/www.sweetmilkmemories.de\/wp-content\/uploads\/2022\/09\/89FA48F0-7838-415D-990C-4CD0BE69BA0E-1024x702.jpeg 1024w, https:\/\/www.sweetmilkmemories.de\/wp-content\/uploads\/2022\/09\/89FA48F0-7838-415D-990C-4CD0BE69BA0E-768x527.jpeg 768w, https:\/\/www.sweetmilkmemories.de\/wp-content\/uploads\/2022\/09\/89FA48F0-7838-415D-990C-4CD0BE69BA0E-1536x1053.jpeg 1536w, https:\/\/www.sweetmilkmemories.de\/wp-content\/uploads\/2022\/09\/89FA48F0-7838-415D-990C-4CD0BE69BA0E-2048x1405.jpeg 2048w\" sizes=\"auto, (max-width: 300px) 100vw, 300px\" \/><\/a><\/p>\n<p>&nbsp;<\/p>\n<h2 style=\"text-align: center;\"><a href=\"https:\/\/www.sweetmilkmemories.de\/index.php\/anhaenger-ohne-metallfassung\/\"><span style=\"color: #339966;\">Anh\u00e4nger ohne Metallfassung<\/span><\/a><\/h2>\n<p><a href=\"https:\/\/www.sweetmilkmemories.de\/index.php\/anhaenger-ohne-metallfassung\/\"><img loading=\"lazy\" decoding=\"async\" class=\"wp-image-582 size-medium aligncenter\" src=\"https:\/\/www.sweetmilkmemories.de\/wp-content\/uploads\/2018\/09\/IMG_7736-300x225.jpg\" alt=\"\" width=\"300\" height=\"225\" srcset=\"https:\/\/www.sweetmilkmemories.de\/wp-content\/uploads\/2018\/09\/IMG_7736-300x225.jpg 300w, https:\/\/www.sweetmilkmemories.de\/wp-content\/uploads\/2018\/09\/IMG_7736.jpg 640w\" sizes=\"auto, (max-width: 300px) 100vw, 300px\" \/><\/a><\/p>\n","protected":false},"excerpt":{"rendered":"<p>Anh\u00e4nger mit Metallfassungen &nbsp; Pure Collection Muttermilchanh\u00e4nger &nbsp; Anh\u00e4nger Kronenfassung &nbsp; Floating Charm Anh\u00e4nger &nbsp; Motivanh\u00e4nger &nbsp; Anh\u00e4nger ohne Metallfassung<\/p>\n","protected":false},"author":1,"featured_media":0,"parent":238,"menu_order":0,"comment_status":"closed","ping_status":"closed","template":"","meta":{"footnotes":""},"class_list":["post-51","page","type-page","status-publish","hentry"],"yoast_head":"<!-- This site is optimized with the Yoast SEO plugin v26.7 - https:\/\/yoast.com\/wordpress\/plugins\/seo\/ -->\n<title>Anh\u00e4nger | Sweet Milk Memories<\/title>\n<meta name=\"description\" content=\"Sweet Milk Memories - Schmuck aus Muttermilch | Muttermilchschmuck | Gro\u00dflochperlen | Anh\u00e4nger | Ketten | Die sch\u00f6nste Erinnerung an die Stillzeit\" \/>\n<meta name=\"robots\" content=\"index, follow, max-snippet:-1, max-image-preview:large, max-video-preview:-1\" \/>\n<link rel=\"canonical\" href=\"https:\/\/www.sweetmilkmemories.de\/index.php\/schmuck-kollektionen\/muttermilchschmuck\/anhaenger\/\" \/>\n<meta property=\"og:locale\" content=\"de_DE\" \/>\n<meta property=\"og:type\" content=\"article\" \/>\n<meta property=\"og:title\" content=\"Anh\u00e4nger | Sweet Milk Memories\" \/>\n<meta property=\"og:description\" content=\"Sweet Milk Memories - Schmuck aus Muttermilch | Muttermilchschmuck | Gro\u00dflochperlen | Anh\u00e4nger | Ketten | Die sch\u00f6nste Erinnerung an die Stillzeit\" \/>\n<meta property=\"og:url\" content=\"https:\/\/www.sweetmilkmemories.de\/index.php\/schmuck-kollektionen\/muttermilchschmuck\/anhaenger\/\" \/>\n<meta property=\"og:site_name\" content=\"Sweet Milk Memories\" \/>\n<meta property=\"article:publisher\" content=\"https:\/\/www.facebook.com\/sweet.milk.memories\/\" \/>\n<meta property=\"article:modified_time\" content=\"2025-01-09T17:12:16+00:00\" \/>\n<meta property=\"og:image\" content=\"https:\/\/www.sweetmilkmemories.de\/wp-content\/uploads\/2022\/09\/9B510C93-C7A4-4DE4-8173-92C04F6B28A3-300x225.jpeg\" \/>\n<meta name=\"twitter:card\" content=\"summary_large_image\" \/>\n<meta name=\"twitter:label1\" content=\"Gesch\u00e4tzte Lesezeit\" \/>\n\t<meta name=\"twitter:data1\" content=\"2\u00a0Minuten\" \/>\n<script type=\"application\/ld+json\" class=\"yoast-schema-graph\">{\"@context\":\"https:\/\/schema.org\",\"@graph\":[{\"@type\":\"WebPage\",\"@id\":\"https:\/\/www.sweetmilkmemories.de\/index.php\/schmuck-kollektionen\/muttermilchschmuck\/anhaenger\/\",\"url\":\"https:\/\/www.sweetmilkmemories.de\/index.php\/schmuck-kollektionen\/muttermilchschmuck\/anhaenger\/\",\"name\":\"Anh\u00e4nger | Sweet Milk Memories\",\"isPartOf\":{\"@id\":\"https:\/\/www.sweetmilkmemories.de\/#website\"},\"primaryImageOfPage\":{\"@id\":\"https:\/\/www.sweetmilkmemories.de\/index.php\/schmuck-kollektionen\/muttermilchschmuck\/anhaenger\/#primaryimage\"},\"image\":{\"@id\":\"https:\/\/www.sweetmilkmemories.de\/index.php\/schmuck-kollektionen\/muttermilchschmuck\/anhaenger\/#primaryimage\"},\"thumbnailUrl\":\"https:\/\/www.sweetmilkmemories.de\/wp-content\/uploads\/2022\/09\/9B510C93-C7A4-4DE4-8173-92C04F6B28A3-300x225.jpeg\",\"datePublished\":\"2018-09-11T14:55:23+00:00\",\"dateModified\":\"2025-01-09T17:12:16+00:00\",\"description\":\"Sweet Milk Memories - Schmuck aus Muttermilch | Muttermilchschmuck | Gro\u00dflochperlen | Anh\u00e4nger | Ketten | Die sch\u00f6nste Erinnerung an die Stillzeit\",\"breadcrumb\":{\"@id\":\"https:\/\/www.sweetmilkmemories.de\/index.php\/schmuck-kollektionen\/muttermilchschmuck\/anhaenger\/#breadcrumb\"},\"inLanguage\":\"de\",\"potentialAction\":[{\"@type\":\"ReadAction\",\"target\":[\"https:\/\/www.sweetmilkmemories.de\/index.php\/schmuck-kollektionen\/muttermilchschmuck\/anhaenger\/\"]}]},{\"@type\":\"ImageObject\",\"inLanguage\":\"de\",\"@id\":\"https:\/\/www.sweetmilkmemories.de\/index.php\/schmuck-kollektionen\/muttermilchschmuck\/anhaenger\/#primaryimage\",\"url\":\"https:\/\/www.sweetmilkmemories.de\/wp-content\/uploads\/2022\/09\/9B510C93-C7A4-4DE4-8173-92C04F6B28A3-scaled.jpeg\",\"contentUrl\":\"https:\/\/www.sweetmilkmemories.de\/wp-content\/uploads\/2022\/09\/9B510C93-C7A4-4DE4-8173-92C04F6B28A3-scaled.jpeg\",\"width\":2560,\"height\":1920,\"caption\":\"ptroz\"},{\"@type\":\"BreadcrumbList\",\"@id\":\"https:\/\/www.sweetmilkmemories.de\/index.php\/schmuck-kollektionen\/muttermilchschmuck\/anhaenger\/#breadcrumb\",\"itemListElement\":[{\"@type\":\"ListItem\",\"position\":1,\"name\":\"Home\",\"item\":\"https:\/\/www.sweetmilkmemories.de\/\"},{\"@type\":\"ListItem\",\"position\":2,\"name\":\"Schmuck-Kollektionen\",\"item\":\"https:\/\/www.sweetmilkmemories.de\/index.php\/schmuck-kollektionen\/\"},{\"@type\":\"ListItem\",\"position\":3,\"name\":\"Muttermilch-\/Erinnerungsschmuck\",\"item\":\"https:\/\/www.sweetmilkmemories.de\/index.php\/schmuck-kollektionen\/muttermilchschmuck\/\"},{\"@type\":\"ListItem\",\"position\":4,\"name\":\"Anh\u00e4nger\"}]},{\"@type\":\"WebSite\",\"@id\":\"https:\/\/www.sweetmilkmemories.de\/#website\",\"url\":\"https:\/\/www.sweetmilkmemories.de\/\",\"name\":\"Sweet Milk Memories\",\"description\":\"Handgefertigter individueller Schmuck aus deiner Muttermilch. In liebevoller Handarbeit stelle ich f\u00fcr dich deine einzigartige Erinnerung an deine Stillzeit her. Muttermilchschmuck aus Deutschland\",\"publisher\":{\"@id\":\"https:\/\/www.sweetmilkmemories.de\/#organization\"},\"potentialAction\":[{\"@type\":\"SearchAction\",\"target\":{\"@type\":\"EntryPoint\",\"urlTemplate\":\"https:\/\/www.sweetmilkmemories.de\/?s={search_term_string}\"},\"query-input\":{\"@type\":\"PropertyValueSpecification\",\"valueRequired\":true,\"valueName\":\"search_term_string\"}}],\"inLanguage\":\"de\"},{\"@type\":\"Organization\",\"@id\":\"https:\/\/www.sweetmilkmemories.de\/#organization\",\"name\":\"Sweet Milk Memories\",\"url\":\"https:\/\/www.sweetmilkmemories.de\/\",\"logo\":{\"@type\":\"ImageObject\",\"inLanguage\":\"de\",\"@id\":\"https:\/\/www.sweetmilkmemories.de\/#\/schema\/logo\/image\/\",\"url\":\"https:\/\/www.sweetmilkmemories.de\/wp-content\/uploads\/2018\/09\/hauptlogo-1.jpg\",\"contentUrl\":\"https:\/\/www.sweetmilkmemories.de\/wp-content\/uploads\/2018\/09\/hauptlogo-1.jpg\",\"width\":500,\"height\":121,\"caption\":\"Sweet Milk Memories\"},\"image\":{\"@id\":\"https:\/\/www.sweetmilkmemories.de\/#\/schema\/logo\/image\/\"},\"sameAs\":[\"https:\/\/www.facebook.com\/sweet.milk.memories\/\",\"https:\/\/www.instagram.com\/sweetmilkmemories\/\",\"https:\/\/www.tiktok.com\/@sweetmilkmemories\"]}]}<\/script>\n<!-- \/ Yoast SEO plugin. -->","yoast_head_json":{"title":"Anh\u00e4nger | Sweet Milk Memories","description":"Sweet Milk Memories - Schmuck aus Muttermilch | Muttermilchschmuck | Gro\u00dflochperlen | Anh\u00e4nger | Ketten | Die sch\u00f6nste Erinnerung an die Stillzeit","robots":{"index":"index","follow":"follow","max-snippet":"max-snippet:-1","max-image-preview":"max-image-preview:large","max-video-preview":"max-video-preview:-1"},"canonical":"https:\/\/www.sweetmilkmemories.de\/index.php\/schmuck-kollektionen\/muttermilchschmuck\/anhaenger\/","og_locale":"de_DE","og_type":"article","og_title":"Anh\u00e4nger | Sweet Milk Memories","og_description":"Sweet Milk Memories - Schmuck aus Muttermilch | Muttermilchschmuck | Gro\u00dflochperlen | Anh\u00e4nger | Ketten | Die sch\u00f6nste Erinnerung an die Stillzeit","og_url":"https:\/\/www.sweetmilkmemories.de\/index.php\/schmuck-kollektionen\/muttermilchschmuck\/anhaenger\/","og_site_name":"Sweet Milk Memories","article_publisher":"https:\/\/www.facebook.com\/sweet.milk.memories\/","article_modified_time":"2025-01-09T17:12:16+00:00","og_image":[{"url":"https:\/\/www.sweetmilkmemories.de\/wp-content\/uploads\/2022\/09\/9B510C93-C7A4-4DE4-8173-92C04F6B28A3-300x225.jpeg","type":"","width":"","height":""}],"twitter_card":"summary_large_image","twitter_misc":{"Gesch\u00e4tzte Lesezeit":"2\u00a0Minuten"},"schema":{"@context":"https:\/\/schema.org","@graph":[{"@type":"WebPage","@id":"https:\/\/www.sweetmilkmemories.de\/index.php\/schmuck-kollektionen\/muttermilchschmuck\/anhaenger\/","url":"https:\/\/www.sweetmilkmemories.de\/index.php\/schmuck-kollektionen\/muttermilchschmuck\/anhaenger\/","name":"Anh\u00e4nger | Sweet Milk Memories","isPartOf":{"@id":"https:\/\/www.sweetmilkmemories.de\/#website"},"primaryImageOfPage":{"@id":"https:\/\/www.sweetmilkmemories.de\/index.php\/schmuck-kollektionen\/muttermilchschmuck\/anhaenger\/#primaryimage"},"image":{"@id":"https:\/\/www.sweetmilkmemories.de\/index.php\/schmuck-kollektionen\/muttermilchschmuck\/anhaenger\/#primaryimage"},"thumbnailUrl":"https:\/\/www.sweetmilkmemories.de\/wp-content\/uploads\/2022\/09\/9B510C93-C7A4-4DE4-8173-92C04F6B28A3-300x225.jpeg","datePublished":"2018-09-11T14:55:23+00:00","dateModified":"2025-01-09T17:12:16+00:00","description":"Sweet Milk Memories - Schmuck aus Muttermilch | Muttermilchschmuck | Gro\u00dflochperlen | Anh\u00e4nger | Ketten | Die sch\u00f6nste Erinnerung an die Stillzeit","breadcrumb":{"@id":"https:\/\/www.sweetmilkmemories.de\/index.php\/schmuck-kollektionen\/muttermilchschmuck\/anhaenger\/#breadcrumb"},"inLanguage":"de","potentialAction":[{"@type":"ReadAction","target":["https:\/\/www.sweetmilkmemories.de\/index.php\/schmuck-kollektionen\/muttermilchschmuck\/anhaenger\/"]}]},{"@type":"ImageObject","inLanguage":"de","@id":"https:\/\/www.sweetmilkmemories.de\/index.php\/schmuck-kollektionen\/muttermilchschmuck\/anhaenger\/#primaryimage","url":"https:\/\/www.sweetmilkmemories.de\/wp-content\/uploads\/2022\/09\/9B510C93-C7A4-4DE4-8173-92C04F6B28A3-scaled.jpeg","contentUrl":"https:\/\/www.sweetmilkmemories.de\/wp-content\/uploads\/2022\/09\/9B510C93-C7A4-4DE4-8173-92C04F6B28A3-scaled.jpeg","width":2560,"height":1920,"caption":"ptroz"},{"@type":"BreadcrumbList","@id":"https:\/\/www.sweetmilkmemories.de\/index.php\/schmuck-kollektionen\/muttermilchschmuck\/anhaenger\/#breadcrumb","itemListElement":[{"@type":"ListItem","position":1,"name":"Home","item":"https:\/\/www.sweetmilkmemories.de\/"},{"@type":"ListItem","position":2,"name":"Schmuck-Kollektionen","item":"https:\/\/www.sweetmilkmemories.de\/index.php\/schmuck-kollektionen\/"},{"@type":"ListItem","position":3,"name":"Muttermilch-\/Erinnerungsschmuck","item":"https:\/\/www.sweetmilkmemories.de\/index.php\/schmuck-kollektionen\/muttermilchschmuck\/"},{"@type":"ListItem","position":4,"name":"Anh\u00e4nger"}]},{"@type":"WebSite","@id":"https:\/\/www.sweetmilkmemories.de\/#website","url":"https:\/\/www.sweetmilkmemories.de\/","name":"Sweet Milk Memories","description":"Handgefertigter individueller Schmuck aus deiner Muttermilch. In liebevoller Handarbeit stelle ich f\u00fcr dich deine einzigartige Erinnerung an deine Stillzeit her. Muttermilchschmuck aus Deutschland","publisher":{"@id":"https:\/\/www.sweetmilkmemories.de\/#organization"},"potentialAction":[{"@type":"SearchAction","target":{"@type":"EntryPoint","urlTemplate":"https:\/\/www.sweetmilkmemories.de\/?s={search_term_string}"},"query-input":{"@type":"PropertyValueSpecification","valueRequired":true,"valueName":"search_term_string"}}],"inLanguage":"de"},{"@type":"Organization","@id":"https:\/\/www.sweetmilkmemories.de\/#organization","name":"Sweet Milk Memories","url":"https:\/\/www.sweetmilkmemories.de\/","logo":{"@type":"ImageObject","inLanguage":"de","@id":"https:\/\/www.sweetmilkmemories.de\/#\/schema\/logo\/image\/","url":"https:\/\/www.sweetmilkmemories.de\/wp-content\/uploads\/2018\/09\/hauptlogo-1.jpg","contentUrl":"https:\/\/www.sweetmilkmemories.de\/wp-content\/uploads\/2018\/09\/hauptlogo-1.jpg","width":500,"height":121,"caption":"Sweet Milk Memories"},"image":{"@id":"https:\/\/www.sweetmilkmemories.de\/#\/schema\/logo\/image\/"},"sameAs":["https:\/\/www.facebook.com\/sweet.milk.memories\/","https:\/\/www.instagram.com\/sweetmilkmemories\/","https:\/\/www.tiktok.com\/@sweetmilkmemories"]}]}},"_links":{"self":[{"href":"https:\/\/www.sweetmilkmemories.de\/index.php\/wp-json\/wp\/v2\/pages\/51","targetHints":{"allow":["GET"]}}],"collection":[{"href":"https:\/\/www.sweetmilkmemories.de\/index.php\/wp-json\/wp\/v2\/pages"}],"about":[{"href":"https:\/\/www.sweetmilkmemories.de\/index.php\/wp-json\/wp\/v2\/types\/page"}],"author":[{"embeddable":true,"href":"https:\/\/www.sweetmilkmemories.de\/index.php\/wp-json\/wp\/v2\/users\/1"}],"replies":[{"embeddable":true,"href":"https:\/\/www.sweetmilkmemories.de\/index.php\/wp-json\/wp\/v2\/comments?post=51"}],"version-history":[{"count":35,"href":"https:\/\/www.sweetmilkmemories.de\/index.php\/wp-json\/wp\/v2\/pages\/51\/revisions"}],"predecessor-version":[{"id":1754,"href":"https:\/\/www.sweetmilkmemories.de\/index.php\/wp-json\/wp\/v2\/pages\/51\/revisions\/1754"}],"up":[{"embeddable":true,"href":"https:\/\/www.sweetmilkmemories.de\/index.php\/wp-json\/wp\/v2\/pages\/238"}],"wp:attachment":[{"href":"https:\/\/www.sweetmilkmemories.de\/index.php\/wp-json\/wp\/v2\/media?parent=51"}],"curies":[{"name":"wp","href":"https:\/\/api.w.org\/{rel}","templated":true}]}}