{"id":63,"date":"2018-09-11T14:56:45","date_gmt":"2018-09-11T14:56:45","guid":{"rendered":"https:\/\/www.sweetmilkmemories.de\/?page_id=63"},"modified":"2026-02-26T12:33:03","modified_gmt":"2026-02-26T10:33:03","slug":"impressum","status":"publish","type":"page","link":"https:\/\/www.sweetmilkmemories.de\/index.php\/impressum\/","title":{"rendered":"Impressum"},"content":{"rendered":"<p><span class=\"palette-color4-4\">Sweet Milk Memories by MoMo Accessoires<\/span><\/p>\n<p><span class=\"palette-color4-4\"> Inhaberin: Simone Leiskau<\/span><\/p>\n<p>Wilhelm-Asche-Weg 39<br \/>\n29664 Walsrode<br \/>\nDeutschland<\/p>\n<p>Telefon: 05161-7874088<\/p>\n<p>E-Mail: info@sweetmilkmemories.de<\/p>\n<p>Kleinunternehmer gem\u00e4\u00df \u00a7 19 UStG<\/p>\n<p>Online-Streitbeilegung gem\u00e4\u00df Art. 14 Abs. 1 ODR-VO: Die Europ\u00e4ische Kommission stellt eine Plattform zur Online-Streitbeilegung (OS) bereit, die Sie unter <a class=\" link\" href=\"http:\/\/ec.europa.eu\/consumers\/odr\/\" target=\"_blank\" rel=\"nofollow noopener\">http:\/\/ec.europa.eu\/consumers\/odr\/<\/a> finden.<\/p>\n<p>&nbsp;<\/p>\n<p><span class=\"palette-color4-4\"><span class=\"text_exposed_show\">Die Rechte aller Bilder liegen bei SweetMilkMemories. Das Kopieren oder Speichern, ohne schriftlicher Genehmigung des Erstellers, ist untersagt. Alle Rechte vorbehalten. Irrt\u00fcmer, Druckfehler und Preis\u00e4nderungen vorbehalten. \u00a0<\/span><\/span><\/p>\n","protected":false},"excerpt":{"rendered":"<p>Sweet Milk Memories by MoMo Accessoires Inhaberin: Simone Leiskau Wilhelm-Asche-Weg 39 29664 Walsrode Deutschland Telefon: 05161-7874088 E-Mail: info@sweetmilkmemories.de Kleinunternehmer gem\u00e4\u00df \u00a7 19 UStG Online-Streitbeilegung gem\u00e4\u00df Art. 14 Abs. 1 ODR-VO: Die Europ\u00e4ische Kommission stellt eine Plattform zur Online-Streitbeilegung (OS) bereit, die Sie unter http:\/\/ec.europa.eu\/consumers\/odr\/ finden. &nbsp; Die Rechte aller Bilder liegen bei SweetMilkMemories. Das Kopieren <a class=\"read-more\" href=\"https:\/\/www.sweetmilkmemories.de\/index.php\/impressum\/\">Read More<\/a><\/p>\n","protected":false},"author":1,"featured_media":0,"parent":0,"menu_order":0,"comment_status":"closed","ping_status":"closed","template":"","meta":{"footnotes":""},"class_list":["post-63","page","type-page","status-publish","hentry"],"yoast_head":"<!-- This site is optimized with the Yoast SEO plugin v26.7 - https:\/\/yoast.com\/wordpress\/plugins\/seo\/ -->\n<title>Impressum | Sweet Milk Memories<\/title>\n<meta name=\"description\" content=\"Sweet Milk Memories - Schmuck aus Muttermilch | Muttermilchschmuck | Gro\u00dflochperlen | Anh\u00e4nger | Ketten | Die sch\u00f6nste Erinnerung an die Stillzeit\" \/>\n<meta name=\"robots\" content=\"index, follow, max-snippet:-1, max-image-preview:large, max-video-preview:-1\" \/>\n<link rel=\"canonical\" href=\"https:\/\/www.sweetmilkmemories.de\/index.php\/impressum\/\" \/>\n<meta property=\"og:locale\" content=\"de_DE\" \/>\n<meta property=\"og:type\" content=\"article\" \/>\n<meta property=\"og:title\" content=\"Impressum | Sweet Milk Memories\" \/>\n<meta property=\"og:description\" content=\"Sweet Milk Memories - Schmuck aus Muttermilch | Muttermilchschmuck | Gro\u00dflochperlen | Anh\u00e4nger | Ketten | Die sch\u00f6nste Erinnerung an die Stillzeit\" \/>\n<meta property=\"og:url\" content=\"https:\/\/www.sweetmilkmemories.de\/index.php\/impressum\/\" \/>\n<meta property=\"og:site_name\" content=\"Sweet Milk Memories\" \/>\n<meta property=\"article:publisher\" content=\"https:\/\/www.facebook.com\/sweet.milk.memories\/\" \/>\n<meta property=\"article:modified_time\" content=\"2026-02-26T10:33:03+00:00\" \/>\n<meta name=\"twitter:card\" content=\"summary_large_image\" \/>\n<meta name=\"twitter:label1\" content=\"Gesch\u00e4tzte Lesezeit\" \/>\n\t<meta name=\"twitter:data1\" content=\"1\u00a0Minute\" \/>\n<script type=\"application\/ld+json\" class=\"yoast-schema-graph\">{\"@context\":\"https:\/\/schema.org\",\"@graph\":[{\"@type\":\"WebPage\",\"@id\":\"https:\/\/www.sweetmilkmemories.de\/index.php\/impressum\/\",\"url\":\"https:\/\/www.sweetmilkmemories.de\/index.php\/impressum\/\",\"name\":\"Impressum | Sweet Milk Memories\",\"isPartOf\":{\"@id\":\"https:\/\/www.sweetmilkmemories.de\/#website\"},\"datePublished\":\"2018-09-11T14:56:45+00:00\",\"dateModified\":\"2026-02-26T10:33:03+00:00\",\"description\":\"Sweet Milk Memories - Schmuck aus Muttermilch | Muttermilchschmuck | Gro\u00dflochperlen | Anh\u00e4nger | Ketten | Die sch\u00f6nste Erinnerung an die Stillzeit\",\"breadcrumb\":{\"@id\":\"https:\/\/www.sweetmilkmemories.de\/index.php\/impressum\/#breadcrumb\"},\"inLanguage\":\"de\",\"potentialAction\":[{\"@type\":\"ReadAction\",\"target\":[\"https:\/\/www.sweetmilkmemories.de\/index.php\/impressum\/\"]}]},{\"@type\":\"BreadcrumbList\",\"@id\":\"https:\/\/www.sweetmilkmemories.de\/index.php\/impressum\/#breadcrumb\",\"itemListElement\":[{\"@type\":\"ListItem\",\"position\":1,\"name\":\"Home\",\"item\":\"https:\/\/www.sweetmilkmemories.de\/\"},{\"@type\":\"ListItem\",\"position\":2,\"name\":\"Impressum\"}]},{\"@type\":\"WebSite\",\"@id\":\"https:\/\/www.sweetmilkmemories.de\/#website\",\"url\":\"https:\/\/www.sweetmilkmemories.de\/\",\"name\":\"Sweet Milk Memories\",\"description\":\"Handgefertigter individueller Schmuck aus deiner Muttermilch. In liebevoller Handarbeit stelle ich f\u00fcr dich deine einzigartige Erinnerung an deine Stillzeit her. Muttermilchschmuck aus Deutschland\",\"publisher\":{\"@id\":\"https:\/\/www.sweetmilkmemories.de\/#organization\"},\"potentialAction\":[{\"@type\":\"SearchAction\",\"target\":{\"@type\":\"EntryPoint\",\"urlTemplate\":\"https:\/\/www.sweetmilkmemories.de\/?s={search_term_string}\"},\"query-input\":{\"@type\":\"PropertyValueSpecification\",\"valueRequired\":true,\"valueName\":\"search_term_string\"}}],\"inLanguage\":\"de\"},{\"@type\":\"Organization\",\"@id\":\"https:\/\/www.sweetmilkmemories.de\/#organization\",\"name\":\"Sweet Milk Memories\",\"url\":\"https:\/\/www.sweetmilkmemories.de\/\",\"logo\":{\"@type\":\"ImageObject\",\"inLanguage\":\"de\",\"@id\":\"https:\/\/www.sweetmilkmemories.de\/#\/schema\/logo\/image\/\",\"url\":\"https:\/\/www.sweetmilkmemories.de\/wp-content\/uploads\/2018\/09\/hauptlogo-1.jpg\",\"contentUrl\":\"https:\/\/www.sweetmilkmemories.de\/wp-content\/uploads\/2018\/09\/hauptlogo-1.jpg\",\"width\":500,\"height\":121,\"caption\":\"Sweet Milk Memories\"},\"image\":{\"@id\":\"https:\/\/www.sweetmilkmemories.de\/#\/schema\/logo\/image\/\"},\"sameAs\":[\"https:\/\/www.facebook.com\/sweet.milk.memories\/\",\"https:\/\/www.instagram.com\/sweetmilkmemories\/\",\"https:\/\/www.tiktok.com\/@sweetmilkmemories\"]}]}<\/script>\n<!-- \/ Yoast SEO plugin. -->","yoast_head_json":{"title":"Impressum | Sweet Milk Memories","description":"Sweet Milk Memories - Schmuck aus Muttermilch | Muttermilchschmuck | Gro\u00dflochperlen | Anh\u00e4nger | Ketten | Die sch\u00f6nste Erinnerung an die Stillzeit","robots":{"index":"index","follow":"follow","max-snippet":"max-snippet:-1","max-image-preview":"max-image-preview:large","max-video-preview":"max-video-preview:-1"},"canonical":"https:\/\/www.sweetmilkmemories.de\/index.php\/impressum\/","og_locale":"de_DE","og_type":"article","og_title":"Impressum | Sweet Milk Memories","og_description":"Sweet Milk Memories - Schmuck aus Muttermilch | Muttermilchschmuck | Gro\u00dflochperlen | Anh\u00e4nger | Ketten | Die sch\u00f6nste Erinnerung an die Stillzeit","og_url":"https:\/\/www.sweetmilkmemories.de\/index.php\/impressum\/","og_site_name":"Sweet Milk Memories","article_publisher":"https:\/\/www.facebook.com\/sweet.milk.memories\/","article_modified_time":"2026-02-26T10:33:03+00:00","twitter_card":"summary_large_image","twitter_misc":{"Gesch\u00e4tzte Lesezeit":"1\u00a0Minute"},"schema":{"@context":"https:\/\/schema.org","@graph":[{"@type":"WebPage","@id":"https:\/\/www.sweetmilkmemories.de\/index.php\/impressum\/","url":"https:\/\/www.sweetmilkmemories.de\/index.php\/impressum\/","name":"Impressum | Sweet Milk Memories","isPartOf":{"@id":"https:\/\/www.sweetmilkmemories.de\/#website"},"datePublished":"2018-09-11T14:56:45+00:00","dateModified":"2026-02-26T10:33:03+00:00","description":"Sweet Milk Memories - Schmuck aus Muttermilch | Muttermilchschmuck | Gro\u00dflochperlen | Anh\u00e4nger | Ketten | Die sch\u00f6nste Erinnerung an die Stillzeit","breadcrumb":{"@id":"https:\/\/www.sweetmilkmemories.de\/index.php\/impressum\/#breadcrumb"},"inLanguage":"de","potentialAction":[{"@type":"ReadAction","target":["https:\/\/www.sweetmilkmemories.de\/index.php\/impressum\/"]}]},{"@type":"BreadcrumbList","@id":"https:\/\/www.sweetmilkmemories.de\/index.php\/impressum\/#breadcrumb","itemListElement":[{"@type":"ListItem","position":1,"name":"Home","item":"https:\/\/www.sweetmilkmemories.de\/"},{"@type":"ListItem","position":2,"name":"Impressum"}]},{"@type":"WebSite","@id":"https:\/\/www.sweetmilkmemories.de\/#website","url":"https:\/\/www.sweetmilkmemories.de\/","name":"Sweet Milk Memories","description":"Handgefertigter individueller Schmuck aus deiner Muttermilch. In liebevoller Handarbeit stelle ich f\u00fcr dich deine einzigartige Erinnerung an deine Stillzeit her. Muttermilchschmuck aus Deutschland","publisher":{"@id":"https:\/\/www.sweetmilkmemories.de\/#organization"},"potentialAction":[{"@type":"SearchAction","target":{"@type":"EntryPoint","urlTemplate":"https:\/\/www.sweetmilkmemories.de\/?s={search_term_string}"},"query-input":{"@type":"PropertyValueSpecification","valueRequired":true,"valueName":"search_term_string"}}],"inLanguage":"de"},{"@type":"Organization","@id":"https:\/\/www.sweetmilkmemories.de\/#organization","name":"Sweet Milk Memories","url":"https:\/\/www.sweetmilkmemories.de\/","logo":{"@type":"ImageObject","inLanguage":"de","@id":"https:\/\/www.sweetmilkmemories.de\/#\/schema\/logo\/image\/","url":"https:\/\/www.sweetmilkmemories.de\/wp-content\/uploads\/2018\/09\/hauptlogo-1.jpg","contentUrl":"https:\/\/www.sweetmilkmemories.de\/wp-content\/uploads\/2018\/09\/hauptlogo-1.jpg","width":500,"height":121,"caption":"Sweet Milk Memories"},"image":{"@id":"https:\/\/www.sweetmilkmemories.de\/#\/schema\/logo\/image\/"},"sameAs":["https:\/\/www.facebook.com\/sweet.milk.memories\/","https:\/\/www.instagram.com\/sweetmilkmemories\/","https:\/\/www.tiktok.com\/@sweetmilkmemories"]}]}},"_links":{"self":[{"href":"https:\/\/www.sweetmilkmemories.de\/index.php\/wp-json\/wp\/v2\/pages\/63","targetHints":{"allow":["GET"]}}],"collection":[{"href":"https:\/\/www.sweetmilkmemories.de\/index.php\/wp-json\/wp\/v2\/pages"}],"about":[{"href":"https:\/\/www.sweetmilkmemories.de\/index.php\/wp-json\/wp\/v2\/types\/page"}],"author":[{"embeddable":true,"href":"https:\/\/www.sweetmilkmemories.de\/index.php\/wp-json\/wp\/v2\/users\/1"}],"replies":[{"embeddable":true,"href":"https:\/\/www.sweetmilkmemories.de\/index.php\/wp-json\/wp\/v2\/comments?post=63"}],"version-history":[{"count":5,"href":"https:\/\/www.sweetmilkmemories.de\/index.php\/wp-json\/wp\/v2\/pages\/63\/revisions"}],"predecessor-version":[{"id":1801,"href":"https:\/\/www.sweetmilkmemories.de\/index.php\/wp-json\/wp\/v2\/pages\/63\/revisions\/1801"}],"wp:attachment":[{"href":"https:\/\/www.sweetmilkmemories.de\/index.php\/wp-json\/wp\/v2\/media?parent=63"}],"curies":[{"name":"wp","href":"https:\/\/api.w.org\/{rel}","templated":true}]}}